{"id":7770,"date":"2024-09-21T04:57:44","date_gmt":"2024-09-21T02:57:44","guid":{"rendered":"https:\/\/anjaunivers.dk.test01.webtohosting.dk\/?post_type=product&#038;p=7770"},"modified":"2026-03-03T00:00:12","modified_gmt":"2026-03-02T22:00:12","slug":"mastering-photography-lightshaping-the-sun","status":"publish","type":"product","link":"https:\/\/anjaekstroem.dk\/es\/webshop\/curso-en-video\/dominar-la-fotografia-la-luz-dando-forma-al-sol\/","title":{"rendered":"Dominar la fotograf\u00eda: dar forma al sol"},"content":{"rendered":"","protected":false},"excerpt":{"rendered":"<p>\u00bfSue\u00f1as con dominar la fotograf\u00eda bajo la luz solar directa, intensa y brillante y crear las im\u00e1genes m\u00e1s sorprendentes con el brillo m\u00e1s sorprendente en la piel o darle forma al sol para obtener la luz m\u00e1s suave y hermosa? <strong>\u00a1Entonces este v\u00eddeo es para ti!<\/strong><\/p>\n<p>Muchos fot\u00f3grafos evitan fotografiar bajo la luz del sol en pleno d\u00eda, y algunos incluso disuaden a sus clientes de hacerlo porque los rayos del sol pueden crear sombras duras y los infames y poco favorecedores &quot;ojos de panda&quot;. Pero en este video te mostrar\u00e9 c\u00f3mo aprovechar ese desaf\u00edo y darle forma a la luz del sol para crear resultados sorprendentes.<\/p>\n<p>Si eres un principiante o un fot\u00f3grafo experimentado, puedes unirte aqu\u00ed. Te gu\u00edo a trav\u00e9s de todo el proceso y te muestro paso a paso c\u00f3mo puedes controlar la luz del sol y obtener las mejores fotos incluso cuando el sol est\u00e1 en su m\u00e1ximo apogeo. Te muestro exactamente c\u00f3mo hacerlo en un modelo para que puedas ver las t\u00e9cnicas en acci\u00f3n.<\/p>\n<p>Tambi\u00e9n muestro c\u00f3mo puedes cambiar la luz del sol brillante usando herramientas que cambian la luz del sol brillante para volverla suave y deliciosa.<\/p>\n<p>Ya no se trata de temerle a la luz del sol, sino de abrazarla y utilizarla a su favor. Independientemente de si trabaja bajo el duro sol del mediod\u00eda o en la hermosa hora dorada, despu\u00e9s de este v\u00eddeo podr\u00e1 moldear los rayos del sol y lograr exactamente el resultado con el que sue\u00f1a.<\/p>\n<p>El v\u00eddeo est\u00e1 en ingl\u00e9s, pero lo explico todo claramente y en un lenguaje NO t\u00e9cnico, para que puedas seguirlo f\u00e1cilmente y aprender a dominar estas t\u00e9cnicas en tu fotograf\u00eda cotidiana.<\/p>\n<p>As\u00ed que entra y d\u00e9jame mostrarte c\u00f3mo llevar tu fotograf\u00eda a un nivel completamente nuevo, \u00a1sin importar las condiciones de iluminaci\u00f3n!<\/p>","protected":false},"featured_media":7773,"comment_status":"closed","ping_status":"closed","template":"","meta":{"_acf_changed":false,"iawp_total_views":882},"product_cat":[111],"product_tag":[],"class_list":{"0":"post-7770","1":"product","2":"type-product","3":"status-publish","4":"has-post-thumbnail","6":"product_cat-videokursus","8":"first","9":"instock","10":"downloadable","11":"virtual","12":"taxable","13":"purchasable","14":"product-type-simple"},"acf":[],"yoast_head":"<!-- This site is optimized with the Yoast SEO plugin v23.5 - https:\/\/yoast.com\/wordpress\/plugins\/seo\/ -->\n<title>Mastering Photography - Lightshaping the sun - Anja Ekstr\u00f8m Creative<\/title>\n<meta name=\"description\" content=\"Mastering Photography - Lightshaping the sun er for dig der \u00f8nsker at skyde udenfor i naturligt lys og vil vide hvordan man styrer sole\" \/>\n<meta name=\"robots\" content=\"index, follow, max-snippet:-1, max-image-preview:large, max-video-preview:-1\" \/>\n<link rel=\"canonical\" href=\"https:\/\/anjaekstroem.dk\/es\/webshop\/curso-en-video\/dominar-la-fotografia-la-luz-dando-forma-al-sol\/\" \/>\n<meta property=\"og:locale\" content=\"es_ES\" \/>\n<meta property=\"og:type\" content=\"article\" \/>\n<meta property=\"og:title\" content=\"Mastering Photography - Lightshaping the sun - Anja Ekstr\u00f8m Creative\" \/>\n<meta property=\"og:description\" content=\"Mastering Photography - Lightshaping the sun er for dig der \u00f8nsker at skyde udenfor i naturligt lys og vil vide hvordan man styrer sole\" \/>\n<meta property=\"og:url\" content=\"https:\/\/anjaekstroem.dk\/es\/webshop\/curso-en-video\/dominar-la-fotografia-la-luz-dando-forma-al-sol\/\" \/>\n<meta property=\"og:site_name\" content=\"Anja Ekstr\u00f8m Creative\" \/>\n<meta property=\"article:modified_time\" content=\"2026-03-02T22:00:12+00:00\" \/>\n<meta property=\"og:image\" content=\"https:\/\/anjaekstroem.dk\/wp-content\/uploads\/2024\/09\/Video-class-cover-til-hjemmeside-e1727429464287.jpg\" \/>\n\t<meta property=\"og:image:width\" content=\"1081\" \/>\n\t<meta property=\"og:image:height\" content=\"1265\" \/>\n\t<meta property=\"og:image:type\" content=\"image\/jpeg\" \/>\n<meta name=\"twitter:card\" content=\"summary_large_image\" \/>\n<meta name=\"twitter:label1\" content=\"Tiempo de lectura\" \/>\n\t<meta name=\"twitter:data1\" content=\"1 minuto\" \/>\n<script type=\"application\/ld+json\" class=\"yoast-schema-graph\">{\"@context\":\"https:\/\/schema.org\",\"@graph\":[{\"@type\":\"WebPage\",\"@id\":\"https:\/\/anjaekstroem.dk\/webshop\/videokursus\/mastering-photography-lightshaping-the-sun\/\",\"url\":\"https:\/\/anjaekstroem.dk\/webshop\/videokursus\/mastering-photography-lightshaping-the-sun\/\",\"name\":\"Mastering Photography - Lightshaping the sun - Anja Ekstr\u00f8m Creative\",\"isPartOf\":{\"@id\":\"https:\/\/anjaekstroem.dk\/#website\"},\"primaryImageOfPage\":{\"@id\":\"https:\/\/anjaekstroem.dk\/webshop\/videokursus\/mastering-photography-lightshaping-the-sun\/#primaryimage\"},\"image\":{\"@id\":\"https:\/\/anjaekstroem.dk\/webshop\/videokursus\/mastering-photography-lightshaping-the-sun\/#primaryimage\"},\"thumbnailUrl\":\"https:\/\/anjaekstroem.dk\/wp-content\/uploads\/2024\/09\/Video-class-cover-til-hjemmeside-e1727429464287.jpg\",\"datePublished\":\"2024-09-21T02:57:44+00:00\",\"dateModified\":\"2026-03-02T22:00:12+00:00\",\"description\":\"Mastering Photography - Lightshaping the sun er for dig der \u00f8nsker at skyde udenfor i naturligt lys og vil vide hvordan man styrer sole\",\"breadcrumb\":{\"@id\":\"https:\/\/anjaekstroem.dk\/webshop\/videokursus\/mastering-photography-lightshaping-the-sun\/#breadcrumb\"},\"inLanguage\":\"es\",\"potentialAction\":[{\"@type\":\"ReadAction\",\"target\":[\"https:\/\/anjaekstroem.dk\/webshop\/videokursus\/mastering-photography-lightshaping-the-sun\/\"]}]},{\"@type\":\"ImageObject\",\"inLanguage\":\"es\",\"@id\":\"https:\/\/anjaekstroem.dk\/webshop\/videokursus\/mastering-photography-lightshaping-the-sun\/#primaryimage\",\"url\":\"https:\/\/anjaekstroem.dk\/wp-content\/uploads\/2024\/09\/Video-class-cover-til-hjemmeside-e1727429464287.jpg\",\"contentUrl\":\"https:\/\/anjaekstroem.dk\/wp-content\/uploads\/2024\/09\/Video-class-cover-til-hjemmeside-e1727429464287.jpg\",\"width\":1081,\"height\":1265},{\"@type\":\"BreadcrumbList\",\"@id\":\"https:\/\/anjaekstroem.dk\/webshop\/videokursus\/mastering-photography-lightshaping-the-sun\/#breadcrumb\",\"itemListElement\":[{\"@type\":\"ListItem\",\"position\":1,\"name\":\"Hjem\",\"item\":\"https:\/\/anjaekstroem.dk\/\"},{\"@type\":\"ListItem\",\"position\":2,\"name\":\"Varer\",\"item\":\"https:\/\/anjaekstroem.dk\/shop__trashed\/\"},{\"@type\":\"ListItem\",\"position\":3,\"name\":\"Mastering Photography &#8211; Lightshaping the sun\"}]},{\"@type\":\"WebSite\",\"@id\":\"https:\/\/anjaekstroem.dk\/#website\",\"url\":\"https:\/\/anjaekstroem.dk\/\",\"name\":\"Anja Ekstr\u00f8m Creative\",\"description\":\"Fotograf med sj\u00e6l\",\"publisher\":{\"@id\":\"https:\/\/anjaekstroem.dk\/#organization\"},\"potentialAction\":[{\"@type\":\"SearchAction\",\"target\":{\"@type\":\"EntryPoint\",\"urlTemplate\":\"https:\/\/anjaekstroem.dk\/?s={search_term_string}\"},\"query-input\":{\"@type\":\"PropertyValueSpecification\",\"valueRequired\":true,\"valueName\":\"search_term_string\"}}],\"inLanguage\":\"es\"},{\"@type\":\"Organization\",\"@id\":\"https:\/\/anjaekstroem.dk\/#organization\",\"name\":\"Anja Ekstr\u00f8m Creative\",\"url\":\"https:\/\/anjaekstroem.dk\/\",\"logo\":{\"@type\":\"ImageObject\",\"inLanguage\":\"es\",\"@id\":\"https:\/\/anjaekstroem.dk\/#\/schema\/logo\/image\/\",\"url\":\"https:\/\/anjaekstroem.dk\/wp-content\/uploads\/2021\/10\/AnjaEkstroem-03.png\",\"contentUrl\":\"https:\/\/anjaekstroem.dk\/wp-content\/uploads\/2021\/10\/AnjaEkstroem-03.png\",\"width\":2560,\"height\":662,\"caption\":\"Anja Ekstr\u00f8m Creative\"},\"image\":{\"@id\":\"https:\/\/anjaekstroem.dk\/#\/schema\/logo\/image\/\"}}]}<\/script>\n<!-- \/ Yoast SEO plugin. -->","yoast_head_json":{"title":"Mastering Photography - Lightshaping the sun - Anja Ekstr\u00f8m Creative","description":"Mastering Photography - Lightshaping the sun er for dig der \u00f8nsker at skyde udenfor i naturligt lys og vil vide hvordan man styrer sole","robots":{"index":"index","follow":"follow","max-snippet":"max-snippet:-1","max-image-preview":"max-image-preview:large","max-video-preview":"max-video-preview:-1"},"canonical":"https:\/\/anjaekstroem.dk\/es\/webshop\/curso-en-video\/dominar-la-fotografia-la-luz-dando-forma-al-sol\/","og_locale":"es_ES","og_type":"article","og_title":"Mastering Photography - Lightshaping the sun - Anja Ekstr\u00f8m Creative","og_description":"Mastering Photography - Lightshaping the sun er for dig der \u00f8nsker at skyde udenfor i naturligt lys og vil vide hvordan man styrer sole","og_url":"https:\/\/anjaekstroem.dk\/es\/webshop\/curso-en-video\/dominar-la-fotografia-la-luz-dando-forma-al-sol\/","og_site_name":"Anja Ekstr\u00f8m Creative","article_modified_time":"2026-03-02T22:00:12+00:00","og_image":[{"width":1081,"height":1265,"url":"https:\/\/anjaekstroem.dk\/wp-content\/uploads\/2024\/09\/Video-class-cover-til-hjemmeside-e1727429464287.jpg","type":"image\/jpeg"}],"twitter_card":"summary_large_image","twitter_misc":{"Tiempo de lectura":"1 minuto"},"schema":{"@context":"https:\/\/schema.org","@graph":[{"@type":"WebPage","@id":"https:\/\/anjaekstroem.dk\/webshop\/videokursus\/mastering-photography-lightshaping-the-sun\/","url":"https:\/\/anjaekstroem.dk\/webshop\/videokursus\/mastering-photography-lightshaping-the-sun\/","name":"Mastering Photography - Lightshaping the sun - Anja Ekstr\u00f8m Creative","isPartOf":{"@id":"https:\/\/anjaekstroem.dk\/#website"},"primaryImageOfPage":{"@id":"https:\/\/anjaekstroem.dk\/webshop\/videokursus\/mastering-photography-lightshaping-the-sun\/#primaryimage"},"image":{"@id":"https:\/\/anjaekstroem.dk\/webshop\/videokursus\/mastering-photography-lightshaping-the-sun\/#primaryimage"},"thumbnailUrl":"https:\/\/anjaekstroem.dk\/wp-content\/uploads\/2024\/09\/Video-class-cover-til-hjemmeside-e1727429464287.jpg","datePublished":"2024-09-21T02:57:44+00:00","dateModified":"2026-03-02T22:00:12+00:00","description":"Mastering Photography - Lightshaping the sun er for dig der \u00f8nsker at skyde udenfor i naturligt lys og vil vide hvordan man styrer sole","breadcrumb":{"@id":"https:\/\/anjaekstroem.dk\/webshop\/videokursus\/mastering-photography-lightshaping-the-sun\/#breadcrumb"},"inLanguage":"es","potentialAction":[{"@type":"ReadAction","target":["https:\/\/anjaekstroem.dk\/webshop\/videokursus\/mastering-photography-lightshaping-the-sun\/"]}]},{"@type":"ImageObject","inLanguage":"es","@id":"https:\/\/anjaekstroem.dk\/webshop\/videokursus\/mastering-photography-lightshaping-the-sun\/#primaryimage","url":"https:\/\/anjaekstroem.dk\/wp-content\/uploads\/2024\/09\/Video-class-cover-til-hjemmeside-e1727429464287.jpg","contentUrl":"https:\/\/anjaekstroem.dk\/wp-content\/uploads\/2024\/09\/Video-class-cover-til-hjemmeside-e1727429464287.jpg","width":1081,"height":1265},{"@type":"BreadcrumbList","@id":"https:\/\/anjaekstroem.dk\/webshop\/videokursus\/mastering-photography-lightshaping-the-sun\/#breadcrumb","itemListElement":[{"@type":"ListItem","position":1,"name":"Hjem","item":"https:\/\/anjaekstroem.dk\/"},{"@type":"ListItem","position":2,"name":"Varer","item":"https:\/\/anjaekstroem.dk\/shop__trashed\/"},{"@type":"ListItem","position":3,"name":"Mastering Photography &#8211; Lightshaping the sun"}]},{"@type":"WebSite","@id":"https:\/\/anjaekstroem.dk\/#website","url":"https:\/\/anjaekstroem.dk\/","name":"Anja Ekstr\u00f8m Creative","description":"Fotograf med sj\u00e6l","publisher":{"@id":"https:\/\/anjaekstroem.dk\/#organization"},"potentialAction":[{"@type":"SearchAction","target":{"@type":"EntryPoint","urlTemplate":"https:\/\/anjaekstroem.dk\/?s={search_term_string}"},"query-input":{"@type":"PropertyValueSpecification","valueRequired":true,"valueName":"search_term_string"}}],"inLanguage":"es"},{"@type":"Organization","@id":"https:\/\/anjaekstroem.dk\/#organization","name":"Anja Ekstr\u00f8m Creative","url":"https:\/\/anjaekstroem.dk\/","logo":{"@type":"ImageObject","inLanguage":"es","@id":"https:\/\/anjaekstroem.dk\/#\/schema\/logo\/image\/","url":"https:\/\/anjaekstroem.dk\/wp-content\/uploads\/2021\/10\/AnjaEkstroem-03.png","contentUrl":"https:\/\/anjaekstroem.dk\/wp-content\/uploads\/2021\/10\/AnjaEkstroem-03.png","width":2560,"height":662,"caption":"Anja Ekstr\u00f8m Creative"},"image":{"@id":"https:\/\/anjaekstroem.dk\/#\/schema\/logo\/image\/"}}]}},"_links":{"self":[{"href":"https:\/\/anjaekstroem.dk\/es\/wp-json\/wp\/v2\/product\/7770","targetHints":{"allow":["GET"]}}],"collection":[{"href":"https:\/\/anjaekstroem.dk\/es\/wp-json\/wp\/v2\/product"}],"about":[{"href":"https:\/\/anjaekstroem.dk\/es\/wp-json\/wp\/v2\/types\/product"}],"replies":[{"embeddable":true,"href":"https:\/\/anjaekstroem.dk\/es\/wp-json\/wp\/v2\/comments?post=7770"}],"wp:featuredmedia":[{"embeddable":true,"href":"https:\/\/anjaekstroem.dk\/es\/wp-json\/wp\/v2\/media\/7773"}],"wp:attachment":[{"href":"https:\/\/anjaekstroem.dk\/es\/wp-json\/wp\/v2\/media?parent=7770"}],"wp:term":[{"taxonomy":"product_cat","embeddable":true,"href":"https:\/\/anjaekstroem.dk\/es\/wp-json\/wp\/v2\/product_cat?post=7770"},{"taxonomy":"product_tag","embeddable":true,"href":"https:\/\/anjaekstroem.dk\/es\/wp-json\/wp\/v2\/product_tag?post=7770"}],"curies":[{"name":"wp","href":"https:\/\/api.w.org\/{rel}","templated":true}]}}