{"id":463,"date":"2024-05-15T15:27:17","date_gmt":"2024-05-15T13:27:17","guid":{"rendered":"https:\/\/anjaunivers.mystagingwebsite.com\/?post_type=product&#038;p=463"},"modified":"2024-10-03T12:12:47","modified_gmt":"2024-10-03T10:12:47","slug":"soft-rose-1","status":"publish","type":"product","link":"https:\/\/anjaekstroem.dk\/es\/webshop\/fotoshop\/rosa-suave-1\/","title":{"rendered":"Rosa suave 1"},"content":{"rendered":"","protected":false},"excerpt":{"rendered":"<p data-pm-slice=\"1 1 []\">Como probablemente muchos ya habr\u00e1n descubierto, soy un fot\u00f3grafo con una gran afici\u00f3n por incluir hermosas flores en mis trabajos. Este tambi\u00e9n es definitivamente uno de mis favoritos, ya que la combinaci\u00f3n de la delicada rosa blanca con el impresionante brillo de la modelo me parece absolutamente irresistible. Los colores apagados y la luz suave y delicada hacen que la serie sea perfecta para colgar en todo tipo de ambientes. \u00bfPuede ser cualquier cosa, desde una recepci\u00f3n hasta una sala de estar, o una direcci\u00f3n completamente diferente, por ejemplo, en una comunidad de oficinas o en una habitaci\u00f3n de hotel? S\u00f3lo la imaginaci\u00f3n pone los l\u00edmites.<\/p>\n<p data-pm-slice=\"1 1 []\">La serie se puede utilizar f\u00e1cilmente de forma individual y colgar individualmente, o ensamblar entrecruzadas como una serie completa.<\/p>\n<p data-pm-slice=\"1 1 []\">Todos los trabajos est\u00e1n impresos profesionalmente, en el mejor papel de algod\u00f3n resistente y de la m\u00e1s alta calidad. El papel tiene una bonita superficie mate, aparece con un ligero brillo y tiene una estructura suave. El papel es resistente a la luz y no utiliza blanqueadores \u00f3pticos, lo que garantiza una larga vida \u00fatil.<\/p>\n<p>Marco no incluido. Para proteger su trabajo durante el env\u00edo, ser\u00e1 cuidadosamente enrollado y embalado para un transporte seguro. Cuando reciba su impresi\u00f3n art\u00edstica, le recomiendo que la lleve a su enmarcador o vidriero local para que la enmarque profesionalmente. Si desea comprar un marco usted mismo, todas las medidas son medidas est\u00e1ndar.<\/p>\n<p>Todas las impresiones art\u00edsticas son ediciones limitadas y vienen con certificados numerados y firma para garantizar su autenticidad.<\/p>\n<h5><em>Si desea una oferta para un pedido mayor o un pedido especial, cont\u00e1cteme directamente por tel\u00e9fono o correo electr\u00f3nico para ofertas especiales.<\/em><\/h5>","protected":false},"featured_media":465,"comment_status":"closed","ping_status":"closed","template":"","meta":{"_acf_changed":false,"iawp_total_views":31},"product_cat":[19],"product_tag":[],"class_list":{"0":"post-463","1":"product","2":"type-product","3":"status-publish","4":"has-post-thumbnail","6":"product_cat-fotoshop","8":"first","9":"instock","10":"taxable","11":"shipping-taxable","12":"purchasable","13":"product-type-variable"},"acf":[],"yoast_head":"<!-- This site is optimized with the Yoast SEO plugin v23.5 - https:\/\/yoast.com\/wordpress\/plugins\/seo\/ -->\n<title>Soft Rose 1 - Anja Ekstr\u00f8m Creative<\/title>\n<meta name=\"description\" content=\"Soft Rose 1 fotoserien er en af mine favoritter, da jeg finder kombinationen af den sarte hvide rose op imod modellens fantastiske gl\u00f8d, helt uimodst\u00e5elig.\" \/>\n<meta name=\"robots\" content=\"index, follow, max-snippet:-1, max-image-preview:large, max-video-preview:-1\" \/>\n<link rel=\"canonical\" href=\"https:\/\/anjaekstroem.dk\/es\/webshop\/fotoshop\/rosa-suave-1\/\" \/>\n<meta property=\"og:locale\" content=\"es_ES\" \/>\n<meta property=\"og:type\" content=\"article\" \/>\n<meta property=\"og:title\" content=\"Soft Rose 1 - Anja Ekstr\u00f8m Creative\" \/>\n<meta property=\"og:description\" content=\"Soft Rose 1 fotoserien er en af mine favoritter, da jeg finder kombinationen af den sarte hvide rose op imod modellens fantastiske gl\u00f8d, helt uimodst\u00e5elig.\" \/>\n<meta property=\"og:url\" content=\"https:\/\/anjaekstroem.dk\/es\/webshop\/fotoshop\/rosa-suave-1\/\" \/>\n<meta property=\"og:site_name\" content=\"Anja Ekstr\u00f8m Creative\" \/>\n<meta property=\"article:modified_time\" content=\"2024-10-03T10:12:47+00:00\" \/>\n<meta property=\"og:image\" content=\"https:\/\/anjaekstroem.dk\/wp-content\/uploads\/2024\/05\/soft-rose-1-charlene.jpg\" \/>\n\t<meta property=\"og:image:width\" content=\"1333\" \/>\n\t<meta property=\"og:image:height\" content=\"2000\" \/>\n\t<meta property=\"og:image:type\" content=\"image\/jpeg\" \/>\n<meta name=\"twitter:card\" content=\"summary_large_image\" \/>\n<meta name=\"twitter:label1\" content=\"Tiempo de lectura\" \/>\n\t<meta name=\"twitter:data1\" content=\"1 minuto\" \/>\n<script type=\"application\/ld+json\" class=\"yoast-schema-graph\">{\"@context\":\"https:\/\/schema.org\",\"@graph\":[{\"@type\":\"WebPage\",\"@id\":\"https:\/\/anjaekstroem.dk\/webshop\/fotoshop\/soft-rose-1\/\",\"url\":\"https:\/\/anjaekstroem.dk\/webshop\/fotoshop\/soft-rose-1\/\",\"name\":\"Soft Rose 1 - Anja Ekstr\u00f8m Creative\",\"isPartOf\":{\"@id\":\"https:\/\/anjaekstroem.dk\/#website\"},\"primaryImageOfPage\":{\"@id\":\"https:\/\/anjaekstroem.dk\/webshop\/fotoshop\/soft-rose-1\/#primaryimage\"},\"image\":{\"@id\":\"https:\/\/anjaekstroem.dk\/webshop\/fotoshop\/soft-rose-1\/#primaryimage\"},\"thumbnailUrl\":\"https:\/\/anjaekstroem.dk\/wp-content\/uploads\/2024\/05\/soft-rose-1-charlene.jpg\",\"datePublished\":\"2024-05-15T13:27:17+00:00\",\"dateModified\":\"2024-10-03T10:12:47+00:00\",\"description\":\"Soft Rose 1 fotoserien er en af mine favoritter, da jeg finder kombinationen af den sarte hvide rose op imod modellens fantastiske gl\u00f8d, helt uimodst\u00e5elig.\",\"breadcrumb\":{\"@id\":\"https:\/\/anjaekstroem.dk\/webshop\/fotoshop\/soft-rose-1\/#breadcrumb\"},\"inLanguage\":\"es\",\"potentialAction\":[{\"@type\":\"ReadAction\",\"target\":[\"https:\/\/anjaekstroem.dk\/webshop\/fotoshop\/soft-rose-1\/\"]}]},{\"@type\":\"ImageObject\",\"inLanguage\":\"es\",\"@id\":\"https:\/\/anjaekstroem.dk\/webshop\/fotoshop\/soft-rose-1\/#primaryimage\",\"url\":\"https:\/\/anjaekstroem.dk\/wp-content\/uploads\/2024\/05\/soft-rose-1-charlene.jpg\",\"contentUrl\":\"https:\/\/anjaekstroem.dk\/wp-content\/uploads\/2024\/05\/soft-rose-1-charlene.jpg\",\"width\":1333,\"height\":2000,\"caption\":\"Beautyfotograf Anja Ekstr\u00f8m\"},{\"@type\":\"BreadcrumbList\",\"@id\":\"https:\/\/anjaekstroem.dk\/webshop\/fotoshop\/soft-rose-1\/#breadcrumb\",\"itemListElement\":[{\"@type\":\"ListItem\",\"position\":1,\"name\":\"Hjem\",\"item\":\"https:\/\/anjaekstroem.dk\/\"},{\"@type\":\"ListItem\",\"position\":2,\"name\":\"Varer\",\"item\":\"https:\/\/anjaekstroem.dk\/shop__trashed\/\"},{\"@type\":\"ListItem\",\"position\":3,\"name\":\"Soft Rose 1\"}]},{\"@type\":\"WebSite\",\"@id\":\"https:\/\/anjaekstroem.dk\/#website\",\"url\":\"https:\/\/anjaekstroem.dk\/\",\"name\":\"Anja Ekstr\u00f8m Creative\",\"description\":\"Fotograf med sj\u00e6l\",\"publisher\":{\"@id\":\"https:\/\/anjaekstroem.dk\/#organization\"},\"potentialAction\":[{\"@type\":\"SearchAction\",\"target\":{\"@type\":\"EntryPoint\",\"urlTemplate\":\"https:\/\/anjaekstroem.dk\/?s={search_term_string}\"},\"query-input\":{\"@type\":\"PropertyValueSpecification\",\"valueRequired\":true,\"valueName\":\"search_term_string\"}}],\"inLanguage\":\"es\"},{\"@type\":\"Organization\",\"@id\":\"https:\/\/anjaekstroem.dk\/#organization\",\"name\":\"Anja Ekstr\u00f8m Creative\",\"url\":\"https:\/\/anjaekstroem.dk\/\",\"logo\":{\"@type\":\"ImageObject\",\"inLanguage\":\"es\",\"@id\":\"https:\/\/anjaekstroem.dk\/#\/schema\/logo\/image\/\",\"url\":\"https:\/\/anjaekstroem.dk\/wp-content\/uploads\/2021\/10\/AnjaEkstroem-03.png\",\"contentUrl\":\"https:\/\/anjaekstroem.dk\/wp-content\/uploads\/2021\/10\/AnjaEkstroem-03.png\",\"width\":2560,\"height\":662,\"caption\":\"Anja Ekstr\u00f8m Creative\"},\"image\":{\"@id\":\"https:\/\/anjaekstroem.dk\/#\/schema\/logo\/image\/\"}}]}<\/script>\n<!-- \/ Yoast SEO plugin. -->","yoast_head_json":{"title":"Soft Rose 1 - Anja Ekstr\u00f8m Creative","description":"Soft Rose 1 fotoserien er en af mine favoritter, da jeg finder kombinationen af den sarte hvide rose op imod modellens fantastiske gl\u00f8d, helt uimodst\u00e5elig.","robots":{"index":"index","follow":"follow","max-snippet":"max-snippet:-1","max-image-preview":"max-image-preview:large","max-video-preview":"max-video-preview:-1"},"canonical":"https:\/\/anjaekstroem.dk\/es\/webshop\/fotoshop\/rosa-suave-1\/","og_locale":"es_ES","og_type":"article","og_title":"Soft Rose 1 - Anja Ekstr\u00f8m Creative","og_description":"Soft Rose 1 fotoserien er en af mine favoritter, da jeg finder kombinationen af den sarte hvide rose op imod modellens fantastiske gl\u00f8d, helt uimodst\u00e5elig.","og_url":"https:\/\/anjaekstroem.dk\/es\/webshop\/fotoshop\/rosa-suave-1\/","og_site_name":"Anja Ekstr\u00f8m Creative","article_modified_time":"2024-10-03T10:12:47+00:00","og_image":[{"width":1333,"height":2000,"url":"https:\/\/anjaekstroem.dk\/wp-content\/uploads\/2024\/05\/soft-rose-1-charlene.jpg","type":"image\/jpeg"}],"twitter_card":"summary_large_image","twitter_misc":{"Tiempo de lectura":"1 minuto"},"schema":{"@context":"https:\/\/schema.org","@graph":[{"@type":"WebPage","@id":"https:\/\/anjaekstroem.dk\/webshop\/fotoshop\/soft-rose-1\/","url":"https:\/\/anjaekstroem.dk\/webshop\/fotoshop\/soft-rose-1\/","name":"Soft Rose 1 - Anja Ekstr\u00f8m Creative","isPartOf":{"@id":"https:\/\/anjaekstroem.dk\/#website"},"primaryImageOfPage":{"@id":"https:\/\/anjaekstroem.dk\/webshop\/fotoshop\/soft-rose-1\/#primaryimage"},"image":{"@id":"https:\/\/anjaekstroem.dk\/webshop\/fotoshop\/soft-rose-1\/#primaryimage"},"thumbnailUrl":"https:\/\/anjaekstroem.dk\/wp-content\/uploads\/2024\/05\/soft-rose-1-charlene.jpg","datePublished":"2024-05-15T13:27:17+00:00","dateModified":"2024-10-03T10:12:47+00:00","description":"Soft Rose 1 fotoserien er en af mine favoritter, da jeg finder kombinationen af den sarte hvide rose op imod modellens fantastiske gl\u00f8d, helt uimodst\u00e5elig.","breadcrumb":{"@id":"https:\/\/anjaekstroem.dk\/webshop\/fotoshop\/soft-rose-1\/#breadcrumb"},"inLanguage":"es","potentialAction":[{"@type":"ReadAction","target":["https:\/\/anjaekstroem.dk\/webshop\/fotoshop\/soft-rose-1\/"]}]},{"@type":"ImageObject","inLanguage":"es","@id":"https:\/\/anjaekstroem.dk\/webshop\/fotoshop\/soft-rose-1\/#primaryimage","url":"https:\/\/anjaekstroem.dk\/wp-content\/uploads\/2024\/05\/soft-rose-1-charlene.jpg","contentUrl":"https:\/\/anjaekstroem.dk\/wp-content\/uploads\/2024\/05\/soft-rose-1-charlene.jpg","width":1333,"height":2000,"caption":"Beautyfotograf Anja Ekstr\u00f8m"},{"@type":"BreadcrumbList","@id":"https:\/\/anjaekstroem.dk\/webshop\/fotoshop\/soft-rose-1\/#breadcrumb","itemListElement":[{"@type":"ListItem","position":1,"name":"Hjem","item":"https:\/\/anjaekstroem.dk\/"},{"@type":"ListItem","position":2,"name":"Varer","item":"https:\/\/anjaekstroem.dk\/shop__trashed\/"},{"@type":"ListItem","position":3,"name":"Soft Rose 1"}]},{"@type":"WebSite","@id":"https:\/\/anjaekstroem.dk\/#website","url":"https:\/\/anjaekstroem.dk\/","name":"Anja Ekstr\u00f8m Creative","description":"Fotograf med sj\u00e6l","publisher":{"@id":"https:\/\/anjaekstroem.dk\/#organization"},"potentialAction":[{"@type":"SearchAction","target":{"@type":"EntryPoint","urlTemplate":"https:\/\/anjaekstroem.dk\/?s={search_term_string}"},"query-input":{"@type":"PropertyValueSpecification","valueRequired":true,"valueName":"search_term_string"}}],"inLanguage":"es"},{"@type":"Organization","@id":"https:\/\/anjaekstroem.dk\/#organization","name":"Anja Ekstr\u00f8m Creative","url":"https:\/\/anjaekstroem.dk\/","logo":{"@type":"ImageObject","inLanguage":"es","@id":"https:\/\/anjaekstroem.dk\/#\/schema\/logo\/image\/","url":"https:\/\/anjaekstroem.dk\/wp-content\/uploads\/2021\/10\/AnjaEkstroem-03.png","contentUrl":"https:\/\/anjaekstroem.dk\/wp-content\/uploads\/2021\/10\/AnjaEkstroem-03.png","width":2560,"height":662,"caption":"Anja Ekstr\u00f8m Creative"},"image":{"@id":"https:\/\/anjaekstroem.dk\/#\/schema\/logo\/image\/"}}]}},"_links":{"self":[{"href":"https:\/\/anjaekstroem.dk\/es\/wp-json\/wp\/v2\/product\/463","targetHints":{"allow":["GET"]}}],"collection":[{"href":"https:\/\/anjaekstroem.dk\/es\/wp-json\/wp\/v2\/product"}],"about":[{"href":"https:\/\/anjaekstroem.dk\/es\/wp-json\/wp\/v2\/types\/product"}],"replies":[{"embeddable":true,"href":"https:\/\/anjaekstroem.dk\/es\/wp-json\/wp\/v2\/comments?post=463"}],"wp:featuredmedia":[{"embeddable":true,"href":"https:\/\/anjaekstroem.dk\/es\/wp-json\/wp\/v2\/media\/465"}],"wp:attachment":[{"href":"https:\/\/anjaekstroem.dk\/es\/wp-json\/wp\/v2\/media?parent=463"}],"wp:term":[{"taxonomy":"product_cat","embeddable":true,"href":"https:\/\/anjaekstroem.dk\/es\/wp-json\/wp\/v2\/product_cat?post=463"},{"taxonomy":"product_tag","embeddable":true,"href":"https:\/\/anjaekstroem.dk\/es\/wp-json\/wp\/v2\/product_tag?post=463"}],"curies":[{"name":"wp","href":"https:\/\/api.w.org\/{rel}","templated":true}]}}