{"id":367,"date":"2024-05-15T10:21:29","date_gmt":"2024-05-15T08:21:29","guid":{"rendered":"https:\/\/anjaunivers.mystagingwebsite.com\/?post_type=product&#038;p=367"},"modified":"2024-10-03T12:06:34","modified_gmt":"2024-10-03T10:06:34","slug":"candyfloss-1","status":"publish","type":"product","link":"https:\/\/anjaekstroem.dk\/es\/webshop\/fotoshop\/algodon-de-azucar\/","title":{"rendered":"algod\u00f3n de az\u00facar 1"},"content":{"rendered":"","protected":false},"excerpt":{"rendered":"<p>Una obra que muestra lo colorido que PUEDE ser el mundo si lo miras con las &quot;gafas&quot; adecuadas. Esta serie de fotograf\u00edas se tom\u00f3 cuando el mundo parec\u00eda m\u00e1s oscuro: el apogeo de la pandemia de Corona. En una vida cotidiana donde era oscura y dif\u00edcil para todos nosotros, tuve la oportunidad de crear un poco de color y hasta ese punto me confirm\u00f3 que soy fot\u00f3grafo de coraz\u00f3n y pasi\u00f3n. Este es el mundo visto a trav\u00e9s de mi c\u00e1mara.<\/p>\n<p>Esta serie de fotograf\u00edas es mi primer encuentro con el universo que se puede crear con la luz y es el comienzo de un mundo creativo completamente nuevo donde s\u00f3lo la imaginaci\u00f3n establece los l\u00edmites.<\/p>\n<p>La serie se puede dividir f\u00e1cilmente y colgar individualmente, o juntar transversalmente en una serie.<\/p>\n<p data-pm-slice=\"1 1 []\">Todos los trabajos est\u00e1n impresos profesionalmente, en el mejor papel de algod\u00f3n resistente y de la m\u00e1s alta calidad. El papel tiene una bonita superficie mate, aparece con un ligero brillo y tiene una estructura suave. El papel es resistente a la luz y no utiliza blanqueadores \u00f3pticos, lo que garantiza una larga vida \u00fatil.<\/p>\n<p>Marco no incluido. Para proteger su trabajo durante el env\u00edo, ser\u00e1 cuidadosamente enrollado y embalado para un transporte seguro. Cuando reciba su impresi\u00f3n art\u00edstica, le recomiendo que la lleve a su enmarcador o vidriero local para que la enmarque profesionalmente. Si desea comprar un marco usted mismo, todas las medidas son medidas est\u00e1ndar.<\/p>\n<p>Todas las impresiones art\u00edsticas son ediciones limitadas y vienen con certificados numerados y firma para garantizar su autenticidad.<\/p>\n<h5><em>Si desea una oferta para un pedido mayor o un pedido especial, cont\u00e1cteme directamente por tel\u00e9fono o correo electr\u00f3nico para ofertas especiales.<\/em><\/h5>","protected":false},"featured_media":395,"comment_status":"closed","ping_status":"closed","template":"","meta":{"_acf_changed":false,"iawp_total_views":58},"product_cat":[19],"product_tag":[],"class_list":{"0":"post-367","1":"product","2":"type-product","3":"status-publish","4":"has-post-thumbnail","6":"product_cat-fotoshop","8":"first","9":"instock","10":"taxable","11":"shipping-taxable","12":"purchasable","13":"product-type-variable"},"acf":[],"yoast_head":"<!-- This site is optimized with the Yoast SEO plugin v23.5 - https:\/\/yoast.com\/wordpress\/plugins\/seo\/ -->\n<title>Candyfloss 1 - Anja Ekstr\u00f8m Creative<\/title>\n<meta name=\"description\" content=\"Candyfloss 1 er et v\u00e6rk der viser hvor farverig verden KAN v\u00e6re, hvis man har de rigtige &quot;briller&quot; p\u00e5. En kreativ verden hvor kun fantasien s\u00e6tter gr\u00e6nserne\" \/>\n<meta name=\"robots\" content=\"index, follow, max-snippet:-1, max-image-preview:large, max-video-preview:-1\" \/>\n<link rel=\"canonical\" href=\"https:\/\/anjaekstroem.dk\/es\/webshop\/fotoshop\/algodon-de-azucar\/\" \/>\n<meta property=\"og:locale\" content=\"es_ES\" \/>\n<meta property=\"og:type\" content=\"article\" \/>\n<meta property=\"og:title\" content=\"Candyfloss 1 - Anja Ekstr\u00f8m Creative\" \/>\n<meta property=\"og:description\" content=\"Candyfloss 1 er et v\u00e6rk der viser hvor farverig verden KAN v\u00e6re, hvis man har de rigtige &quot;briller&quot; p\u00e5. En kreativ verden hvor kun fantasien s\u00e6tter gr\u00e6nserne\" \/>\n<meta property=\"og:url\" content=\"https:\/\/anjaekstroem.dk\/es\/webshop\/fotoshop\/algodon-de-azucar\/\" \/>\n<meta property=\"og:site_name\" content=\"Anja Ekstr\u00f8m Creative\" \/>\n<meta property=\"article:modified_time\" content=\"2024-10-03T10:06:34+00:00\" \/>\n<meta property=\"og:image\" content=\"https:\/\/anjaekstroem.dk\/wp-content\/uploads\/2024\/05\/candyfloss-1-cecilie-dissing-scaled.jpg\" \/>\n\t<meta property=\"og:image:width\" content=\"1829\" \/>\n\t<meta property=\"og:image:height\" content=\"2560\" \/>\n\t<meta property=\"og:image:type\" content=\"image\/jpeg\" \/>\n<meta name=\"twitter:card\" content=\"summary_large_image\" \/>\n<meta name=\"twitter:label1\" content=\"Tiempo de lectura\" \/>\n\t<meta name=\"twitter:data1\" content=\"1 minuto\" \/>\n<script type=\"application\/ld+json\" class=\"yoast-schema-graph\">{\"@context\":\"https:\/\/schema.org\",\"@graph\":[{\"@type\":\"WebPage\",\"@id\":\"https:\/\/anjaekstroem.dk\/webshop\/fotoshop\/candyfloss-1\/\",\"url\":\"https:\/\/anjaekstroem.dk\/webshop\/fotoshop\/candyfloss-1\/\",\"name\":\"Candyfloss 1 - Anja Ekstr\u00f8m Creative\",\"isPartOf\":{\"@id\":\"https:\/\/anjaekstroem.dk\/#website\"},\"primaryImageOfPage\":{\"@id\":\"https:\/\/anjaekstroem.dk\/webshop\/fotoshop\/candyfloss-1\/#primaryimage\"},\"image\":{\"@id\":\"https:\/\/anjaekstroem.dk\/webshop\/fotoshop\/candyfloss-1\/#primaryimage\"},\"thumbnailUrl\":\"https:\/\/anjaekstroem.dk\/wp-content\/uploads\/2024\/05\/candyfloss-1-cecilie-dissing-scaled.jpg\",\"datePublished\":\"2024-05-15T08:21:29+00:00\",\"dateModified\":\"2024-10-03T10:06:34+00:00\",\"description\":\"Candyfloss 1 er et v\u00e6rk der viser hvor farverig verden KAN v\u00e6re, hvis man har de rigtige \\\"briller\\\" p\u00e5. En kreativ verden hvor kun fantasien s\u00e6tter gr\u00e6nserne\",\"breadcrumb\":{\"@id\":\"https:\/\/anjaekstroem.dk\/webshop\/fotoshop\/candyfloss-1\/#breadcrumb\"},\"inLanguage\":\"es\",\"potentialAction\":[{\"@type\":\"ReadAction\",\"target\":[\"https:\/\/anjaekstroem.dk\/webshop\/fotoshop\/candyfloss-1\/\"]}]},{\"@type\":\"ImageObject\",\"inLanguage\":\"es\",\"@id\":\"https:\/\/anjaekstroem.dk\/webshop\/fotoshop\/candyfloss-1\/#primaryimage\",\"url\":\"https:\/\/anjaekstroem.dk\/wp-content\/uploads\/2024\/05\/candyfloss-1-cecilie-dissing-scaled.jpg\",\"contentUrl\":\"https:\/\/anjaekstroem.dk\/wp-content\/uploads\/2024\/05\/candyfloss-1-cecilie-dissing-scaled.jpg\",\"width\":1829,\"height\":2560,\"caption\":\"Candyfloss 1 af fotograf Anja Ekstr\u00f8m\"},{\"@type\":\"BreadcrumbList\",\"@id\":\"https:\/\/anjaekstroem.dk\/webshop\/fotoshop\/candyfloss-1\/#breadcrumb\",\"itemListElement\":[{\"@type\":\"ListItem\",\"position\":1,\"name\":\"Hjem\",\"item\":\"https:\/\/anjaekstroem.dk\/\"},{\"@type\":\"ListItem\",\"position\":2,\"name\":\"Varer\",\"item\":\"https:\/\/anjaekstroem.dk\/shop__trashed\/\"},{\"@type\":\"ListItem\",\"position\":3,\"name\":\"Candyfloss 1\"}]},{\"@type\":\"WebSite\",\"@id\":\"https:\/\/anjaekstroem.dk\/#website\",\"url\":\"https:\/\/anjaekstroem.dk\/\",\"name\":\"Anja Ekstr\u00f8m Creative\",\"description\":\"Fotograf med sj\u00e6l\",\"publisher\":{\"@id\":\"https:\/\/anjaekstroem.dk\/#organization\"},\"potentialAction\":[{\"@type\":\"SearchAction\",\"target\":{\"@type\":\"EntryPoint\",\"urlTemplate\":\"https:\/\/anjaekstroem.dk\/?s={search_term_string}\"},\"query-input\":{\"@type\":\"PropertyValueSpecification\",\"valueRequired\":true,\"valueName\":\"search_term_string\"}}],\"inLanguage\":\"es\"},{\"@type\":\"Organization\",\"@id\":\"https:\/\/anjaekstroem.dk\/#organization\",\"name\":\"Anja Ekstr\u00f8m Creative\",\"url\":\"https:\/\/anjaekstroem.dk\/\",\"logo\":{\"@type\":\"ImageObject\",\"inLanguage\":\"es\",\"@id\":\"https:\/\/anjaekstroem.dk\/#\/schema\/logo\/image\/\",\"url\":\"https:\/\/anjaekstroem.dk\/wp-content\/uploads\/2021\/10\/AnjaEkstroem-03.png\",\"contentUrl\":\"https:\/\/anjaekstroem.dk\/wp-content\/uploads\/2021\/10\/AnjaEkstroem-03.png\",\"width\":2560,\"height\":662,\"caption\":\"Anja Ekstr\u00f8m Creative\"},\"image\":{\"@id\":\"https:\/\/anjaekstroem.dk\/#\/schema\/logo\/image\/\"}}]}<\/script>\n<!-- \/ Yoast SEO plugin. -->","yoast_head_json":{"title":"Candyfloss 1 - Anja Ekstr\u00f8m Creative","description":"Candyfloss 1 er et v\u00e6rk der viser hvor farverig verden KAN v\u00e6re, hvis man har de rigtige \"briller\" p\u00e5. En kreativ verden hvor kun fantasien s\u00e6tter gr\u00e6nserne","robots":{"index":"index","follow":"follow","max-snippet":"max-snippet:-1","max-image-preview":"max-image-preview:large","max-video-preview":"max-video-preview:-1"},"canonical":"https:\/\/anjaekstroem.dk\/es\/webshop\/fotoshop\/algodon-de-azucar\/","og_locale":"es_ES","og_type":"article","og_title":"Candyfloss 1 - Anja Ekstr\u00f8m Creative","og_description":"Candyfloss 1 er et v\u00e6rk der viser hvor farverig verden KAN v\u00e6re, hvis man har de rigtige \"briller\" p\u00e5. En kreativ verden hvor kun fantasien s\u00e6tter gr\u00e6nserne","og_url":"https:\/\/anjaekstroem.dk\/es\/webshop\/fotoshop\/algodon-de-azucar\/","og_site_name":"Anja Ekstr\u00f8m Creative","article_modified_time":"2024-10-03T10:06:34+00:00","og_image":[{"width":1829,"height":2560,"url":"https:\/\/anjaekstroem.dk\/wp-content\/uploads\/2024\/05\/candyfloss-1-cecilie-dissing-scaled.jpg","type":"image\/jpeg"}],"twitter_card":"summary_large_image","twitter_misc":{"Tiempo de lectura":"1 minuto"},"schema":{"@context":"https:\/\/schema.org","@graph":[{"@type":"WebPage","@id":"https:\/\/anjaekstroem.dk\/webshop\/fotoshop\/candyfloss-1\/","url":"https:\/\/anjaekstroem.dk\/webshop\/fotoshop\/candyfloss-1\/","name":"Candyfloss 1 - Anja Ekstr\u00f8m Creative","isPartOf":{"@id":"https:\/\/anjaekstroem.dk\/#website"},"primaryImageOfPage":{"@id":"https:\/\/anjaekstroem.dk\/webshop\/fotoshop\/candyfloss-1\/#primaryimage"},"image":{"@id":"https:\/\/anjaekstroem.dk\/webshop\/fotoshop\/candyfloss-1\/#primaryimage"},"thumbnailUrl":"https:\/\/anjaekstroem.dk\/wp-content\/uploads\/2024\/05\/candyfloss-1-cecilie-dissing-scaled.jpg","datePublished":"2024-05-15T08:21:29+00:00","dateModified":"2024-10-03T10:06:34+00:00","description":"Candyfloss 1 er et v\u00e6rk der viser hvor farverig verden KAN v\u00e6re, hvis man har de rigtige \"briller\" p\u00e5. En kreativ verden hvor kun fantasien s\u00e6tter gr\u00e6nserne","breadcrumb":{"@id":"https:\/\/anjaekstroem.dk\/webshop\/fotoshop\/candyfloss-1\/#breadcrumb"},"inLanguage":"es","potentialAction":[{"@type":"ReadAction","target":["https:\/\/anjaekstroem.dk\/webshop\/fotoshop\/candyfloss-1\/"]}]},{"@type":"ImageObject","inLanguage":"es","@id":"https:\/\/anjaekstroem.dk\/webshop\/fotoshop\/candyfloss-1\/#primaryimage","url":"https:\/\/anjaekstroem.dk\/wp-content\/uploads\/2024\/05\/candyfloss-1-cecilie-dissing-scaled.jpg","contentUrl":"https:\/\/anjaekstroem.dk\/wp-content\/uploads\/2024\/05\/candyfloss-1-cecilie-dissing-scaled.jpg","width":1829,"height":2560,"caption":"Candyfloss 1 af fotograf Anja Ekstr\u00f8m"},{"@type":"BreadcrumbList","@id":"https:\/\/anjaekstroem.dk\/webshop\/fotoshop\/candyfloss-1\/#breadcrumb","itemListElement":[{"@type":"ListItem","position":1,"name":"Hjem","item":"https:\/\/anjaekstroem.dk\/"},{"@type":"ListItem","position":2,"name":"Varer","item":"https:\/\/anjaekstroem.dk\/shop__trashed\/"},{"@type":"ListItem","position":3,"name":"Candyfloss 1"}]},{"@type":"WebSite","@id":"https:\/\/anjaekstroem.dk\/#website","url":"https:\/\/anjaekstroem.dk\/","name":"Anja Ekstr\u00f8m Creative","description":"Fotograf med sj\u00e6l","publisher":{"@id":"https:\/\/anjaekstroem.dk\/#organization"},"potentialAction":[{"@type":"SearchAction","target":{"@type":"EntryPoint","urlTemplate":"https:\/\/anjaekstroem.dk\/?s={search_term_string}"},"query-input":{"@type":"PropertyValueSpecification","valueRequired":true,"valueName":"search_term_string"}}],"inLanguage":"es"},{"@type":"Organization","@id":"https:\/\/anjaekstroem.dk\/#organization","name":"Anja Ekstr\u00f8m Creative","url":"https:\/\/anjaekstroem.dk\/","logo":{"@type":"ImageObject","inLanguage":"es","@id":"https:\/\/anjaekstroem.dk\/#\/schema\/logo\/image\/","url":"https:\/\/anjaekstroem.dk\/wp-content\/uploads\/2021\/10\/AnjaEkstroem-03.png","contentUrl":"https:\/\/anjaekstroem.dk\/wp-content\/uploads\/2021\/10\/AnjaEkstroem-03.png","width":2560,"height":662,"caption":"Anja Ekstr\u00f8m Creative"},"image":{"@id":"https:\/\/anjaekstroem.dk\/#\/schema\/logo\/image\/"}}]}},"_links":{"self":[{"href":"https:\/\/anjaekstroem.dk\/es\/wp-json\/wp\/v2\/product\/367","targetHints":{"allow":["GET"]}}],"collection":[{"href":"https:\/\/anjaekstroem.dk\/es\/wp-json\/wp\/v2\/product"}],"about":[{"href":"https:\/\/anjaekstroem.dk\/es\/wp-json\/wp\/v2\/types\/product"}],"replies":[{"embeddable":true,"href":"https:\/\/anjaekstroem.dk\/es\/wp-json\/wp\/v2\/comments?post=367"}],"wp:featuredmedia":[{"embeddable":true,"href":"https:\/\/anjaekstroem.dk\/es\/wp-json\/wp\/v2\/media\/395"}],"wp:attachment":[{"href":"https:\/\/anjaekstroem.dk\/es\/wp-json\/wp\/v2\/media?parent=367"}],"wp:term":[{"taxonomy":"product_cat","embeddable":true,"href":"https:\/\/anjaekstroem.dk\/es\/wp-json\/wp\/v2\/product_cat?post=367"},{"taxonomy":"product_tag","embeddable":true,"href":"https:\/\/anjaekstroem.dk\/es\/wp-json\/wp\/v2\/product_tag?post=367"}],"curies":[{"name":"wp","href":"https:\/\/api.w.org\/{rel}","templated":true}]}}