{"id":10079,"date":"2024-10-01T19:24:29","date_gmt":"2024-10-01T17:24:29","guid":{"rendered":"https:\/\/anjaunivers.dk.test01.webtohosting.dk\/?post_type=product&#038;p=10079"},"modified":"2026-03-03T00:00:12","modified_gmt":"2026-03-02T22:00:12","slug":"bog-she-did-it-and-so-can-you","status":"publish","type":"product","link":"https:\/\/anjaekstroem.dk\/es\/webshop\/libros\/fysiske-boeger\/libro-ella-lo-hizo-y-tu-tambien-puedes\/","title":{"rendered":"Libro: Ella lo hizo y t\u00fa tambi\u00e9n puedes."},"content":{"rendered":"","protected":false},"excerpt":{"rendered":"<p>\u00bfAlguna vez te has preguntado c\u00f3mo lo hizo? \u00bfY si t\u00fa tambi\u00e9n puedes hacerlo? Los \u00faltimos a\u00f1os han hecho que m\u00e1s mujeres se detengan y se pregunten qu\u00e9 es lo que realmente les beneficia en la vida. Los a\u00f1os nos han hecho plantearnos c\u00f3mo podemos cambiar de rumbo y romper los patrones que nos frenan. Pero, \u00bfc\u00f3mo pasas de donde est\u00e1s ahora a la vida que deseas? \u00bfQu\u00e9 acciones necesitas tomar hoy para llegar all\u00ed?<\/p>\n<p>En &quot;She Did It&quot; descubrir\u00e1 c\u00f3mo nosotras, 17 mujeres de todo el mundo, logramos un r\u00e1pido \u00e9xito en nuestras propias vidas y negocios. Aprender\u00e1 c\u00f3mo superamos nuestros miedos y obst\u00e1culos y qu\u00e9 acciones tomamos para superarlo y cambiarlo todo. No solo aprender\u00e1 sobre mis historias incre\u00edbles e inspiradoras y las de otras 16 mujeres, sino que tambi\u00e9n podr\u00e1 aprender de nosotras y nuestras experiencias. En cada cap\u00edtulo, compartimos algunos pasos que puede implementar en su propia vida o negocio HOY, \u00a1no en meses o a\u00f1os!<\/p>\n<p>Este libro le mostrar\u00e1 que es posible cambiar su vida o iniciar un negocio desde cero y lograr un \u00e9xito r\u00e1pido en ambos. Descubrir\u00e1s que las mujeres de este libro no somos diferentes a ti: nosotras tambi\u00e9n ten\u00edamos miedo y ten\u00edamos obst\u00e1culos que superar. Las historias que leer\u00e1 tienen resultados comprobados y cada cap\u00edtulo proporciona informaci\u00f3n valiosa que lo ayudar\u00e1 a lograr un \u00e9xito r\u00e1pido en su vida y en su negocio. Todas y cada una de las mujeres tienen su propia historia, diferentes desaf\u00edos que superar y han logrado diferentes tipos de \u00e9xito. S\u00f3lo recuerda que el \u00e9xito est\u00e1 disponible para <strong>todo<\/strong>. \u00a1Ella lo hizo! \u2026\u00a1y t\u00fa tambi\u00e9n puedes!<\/p>\n<p>Somos 17 mujeres repartidas por todo el mundo y cada una de ellas ha compartido su historia como empresaria. Para bien o para mal, es un buen consejo para futuros fan\u00e1ticos: es NUESTRA historia. Compra el libro y d\u00e9jate inspirar por nosotros y deja que nuestras experiencias te motiven, d\u00e9jate llenar de mucho empoderamiento.<\/p>\n<p>Ha sido el n\u00famero 1 en la lista de los m\u00e1s vendidos de Amazon en varios pa\u00edses.<\/p>\n<p><strong>El libro es de bolsillo y est\u00e1 escrito en ingl\u00e9s.<\/strong><\/p>","protected":false},"featured_media":10160,"comment_status":"closed","ping_status":"closed","template":"","meta":{"_acf_changed":false,"iawp_total_views":71},"product_cat":[110,130],"product_tag":[],"class_list":{"0":"post-10079","1":"product","2":"type-product","3":"status-publish","4":"has-post-thumbnail","6":"product_cat-boeger","7":"product_cat-fysiske-boeger","9":"first","10":"instock","11":"taxable","12":"shipping-taxable","13":"purchasable","14":"product-type-simple"},"acf":[],"yoast_head":"<!-- This site is optimized with the Yoast SEO plugin v23.5 - https:\/\/yoast.com\/wordpress\/plugins\/seo\/ -->\n<title>Bog: She did it and so can you - Anja Ekstr\u00f8m Creative<\/title>\n<meta name=\"description\" content=\"She did it and so can you er en bog jeg har skrevet sammen med 16 andre kvinder, verden over. Vi deler vores helt egne erfaringer i vores iv\u00e6rks\u00e6tteri rejse\" \/>\n<meta name=\"robots\" content=\"index, follow, max-snippet:-1, max-image-preview:large, max-video-preview:-1\" \/>\n<link rel=\"canonical\" href=\"https:\/\/anjaekstroem.dk\/es\/webshop\/libros\/fysiske-boeger\/libro-ella-lo-hizo-y-tu-tambien-puedes\/\" \/>\n<meta property=\"og:locale\" content=\"es_ES\" \/>\n<meta property=\"og:type\" content=\"article\" \/>\n<meta property=\"og:title\" content=\"Bog: She did it and so can you - Anja Ekstr\u00f8m Creative\" \/>\n<meta property=\"og:description\" content=\"She did it and so can you er en bog jeg har skrevet sammen med 16 andre kvinder, verden over. Vi deler vores helt egne erfaringer i vores iv\u00e6rks\u00e6tteri rejse\" \/>\n<meta property=\"og:url\" content=\"https:\/\/anjaekstroem.dk\/es\/webshop\/libros\/fysiske-boeger\/libro-ella-lo-hizo-y-tu-tambien-puedes\/\" \/>\n<meta property=\"og:site_name\" content=\"Anja Ekstr\u00f8m Creative\" \/>\n<meta property=\"article:modified_time\" content=\"2026-03-02T22:00:12+00:00\" \/>\n<meta property=\"og:image\" content=\"https:\/\/anjaekstroem.dk\/wp-content\/uploads\/2024\/10\/1.jpg\" \/>\n\t<meta property=\"og:image:width\" content=\"1000\" \/>\n\t<meta property=\"og:image:height\" content=\"1500\" \/>\n\t<meta property=\"og:image:type\" content=\"image\/jpeg\" \/>\n<meta name=\"twitter:card\" content=\"summary_large_image\" \/>\n<meta name=\"twitter:label1\" content=\"Tiempo de lectura\" \/>\n\t<meta name=\"twitter:data1\" content=\"1 minuto\" \/>\n<script type=\"application\/ld+json\" class=\"yoast-schema-graph\">{\"@context\":\"https:\/\/schema.org\",\"@graph\":[{\"@type\":\"WebPage\",\"@id\":\"https:\/\/anjaekstroem.dk\/webshop\/boeger\/fysiske-boeger\/bog-she-did-it-and-so-can-you\/\",\"url\":\"https:\/\/anjaekstroem.dk\/webshop\/boeger\/fysiske-boeger\/bog-she-did-it-and-so-can-you\/\",\"name\":\"Bog: She did it and so can you - Anja Ekstr\u00f8m Creative\",\"isPartOf\":{\"@id\":\"https:\/\/anjaekstroem.dk\/#website\"},\"primaryImageOfPage\":{\"@id\":\"https:\/\/anjaekstroem.dk\/webshop\/boeger\/fysiske-boeger\/bog-she-did-it-and-so-can-you\/#primaryimage\"},\"image\":{\"@id\":\"https:\/\/anjaekstroem.dk\/webshop\/boeger\/fysiske-boeger\/bog-she-did-it-and-so-can-you\/#primaryimage\"},\"thumbnailUrl\":\"https:\/\/anjaekstroem.dk\/wp-content\/uploads\/2024\/10\/1.jpg\",\"datePublished\":\"2024-10-01T17:24:29+00:00\",\"dateModified\":\"2026-03-02T22:00:12+00:00\",\"description\":\"She did it and so can you er en bog jeg har skrevet sammen med 16 andre kvinder, verden over. Vi deler vores helt egne erfaringer i vores iv\u00e6rks\u00e6tteri rejse\",\"breadcrumb\":{\"@id\":\"https:\/\/anjaekstroem.dk\/webshop\/boeger\/fysiske-boeger\/bog-she-did-it-and-so-can-you\/#breadcrumb\"},\"inLanguage\":\"es\",\"potentialAction\":[{\"@type\":\"ReadAction\",\"target\":[\"https:\/\/anjaekstroem.dk\/webshop\/boeger\/fysiske-boeger\/bog-she-did-it-and-so-can-you\/\"]}]},{\"@type\":\"ImageObject\",\"inLanguage\":\"es\",\"@id\":\"https:\/\/anjaekstroem.dk\/webshop\/boeger\/fysiske-boeger\/bog-she-did-it-and-so-can-you\/#primaryimage\",\"url\":\"https:\/\/anjaekstroem.dk\/wp-content\/uploads\/2024\/10\/1.jpg\",\"contentUrl\":\"https:\/\/anjaekstroem.dk\/wp-content\/uploads\/2024\/10\/1.jpg\",\"width\":1000,\"height\":1500,\"caption\":\"Bog af Anja Ekstr\u00f8m og 16 andre kvinder i hele verden - forfatter og entrepreneur Anja Ekstr\u00f8m\"},{\"@type\":\"BreadcrumbList\",\"@id\":\"https:\/\/anjaekstroem.dk\/webshop\/boeger\/fysiske-boeger\/bog-she-did-it-and-so-can-you\/#breadcrumb\",\"itemListElement\":[{\"@type\":\"ListItem\",\"position\":1,\"name\":\"Hjem\",\"item\":\"https:\/\/anjaekstroem.dk\/\"},{\"@type\":\"ListItem\",\"position\":2,\"name\":\"Varer\",\"item\":\"https:\/\/anjaekstroem.dk\/shop__trashed\/\"},{\"@type\":\"ListItem\",\"position\":3,\"name\":\"Bog: She did it and so can you\"}]},{\"@type\":\"WebSite\",\"@id\":\"https:\/\/anjaekstroem.dk\/#website\",\"url\":\"https:\/\/anjaekstroem.dk\/\",\"name\":\"Anja Ekstr\u00f8m Creative\",\"description\":\"Fotograf med sj\u00e6l\",\"publisher\":{\"@id\":\"https:\/\/anjaekstroem.dk\/#organization\"},\"potentialAction\":[{\"@type\":\"SearchAction\",\"target\":{\"@type\":\"EntryPoint\",\"urlTemplate\":\"https:\/\/anjaekstroem.dk\/?s={search_term_string}\"},\"query-input\":{\"@type\":\"PropertyValueSpecification\",\"valueRequired\":true,\"valueName\":\"search_term_string\"}}],\"inLanguage\":\"es\"},{\"@type\":\"Organization\",\"@id\":\"https:\/\/anjaekstroem.dk\/#organization\",\"name\":\"Anja Ekstr\u00f8m Creative\",\"url\":\"https:\/\/anjaekstroem.dk\/\",\"logo\":{\"@type\":\"ImageObject\",\"inLanguage\":\"es\",\"@id\":\"https:\/\/anjaekstroem.dk\/#\/schema\/logo\/image\/\",\"url\":\"https:\/\/anjaekstroem.dk\/wp-content\/uploads\/2021\/10\/AnjaEkstroem-03.png\",\"contentUrl\":\"https:\/\/anjaekstroem.dk\/wp-content\/uploads\/2021\/10\/AnjaEkstroem-03.png\",\"width\":2560,\"height\":662,\"caption\":\"Anja Ekstr\u00f8m Creative\"},\"image\":{\"@id\":\"https:\/\/anjaekstroem.dk\/#\/schema\/logo\/image\/\"}}]}<\/script>\n<!-- \/ Yoast SEO plugin. -->","yoast_head_json":{"title":"Bog: She did it and so can you - Anja Ekstr\u00f8m Creative","description":"She did it and so can you er en bog jeg har skrevet sammen med 16 andre kvinder, verden over. Vi deler vores helt egne erfaringer i vores iv\u00e6rks\u00e6tteri rejse","robots":{"index":"index","follow":"follow","max-snippet":"max-snippet:-1","max-image-preview":"max-image-preview:large","max-video-preview":"max-video-preview:-1"},"canonical":"https:\/\/anjaekstroem.dk\/es\/webshop\/libros\/fysiske-boeger\/libro-ella-lo-hizo-y-tu-tambien-puedes\/","og_locale":"es_ES","og_type":"article","og_title":"Bog: She did it and so can you - Anja Ekstr\u00f8m Creative","og_description":"She did it and so can you er en bog jeg har skrevet sammen med 16 andre kvinder, verden over. Vi deler vores helt egne erfaringer i vores iv\u00e6rks\u00e6tteri rejse","og_url":"https:\/\/anjaekstroem.dk\/es\/webshop\/libros\/fysiske-boeger\/libro-ella-lo-hizo-y-tu-tambien-puedes\/","og_site_name":"Anja Ekstr\u00f8m Creative","article_modified_time":"2026-03-02T22:00:12+00:00","og_image":[{"width":1000,"height":1500,"url":"https:\/\/anjaekstroem.dk\/wp-content\/uploads\/2024\/10\/1.jpg","type":"image\/jpeg"}],"twitter_card":"summary_large_image","twitter_misc":{"Tiempo de lectura":"1 minuto"},"schema":{"@context":"https:\/\/schema.org","@graph":[{"@type":"WebPage","@id":"https:\/\/anjaekstroem.dk\/webshop\/boeger\/fysiske-boeger\/bog-she-did-it-and-so-can-you\/","url":"https:\/\/anjaekstroem.dk\/webshop\/boeger\/fysiske-boeger\/bog-she-did-it-and-so-can-you\/","name":"Bog: She did it and so can you - Anja Ekstr\u00f8m Creative","isPartOf":{"@id":"https:\/\/anjaekstroem.dk\/#website"},"primaryImageOfPage":{"@id":"https:\/\/anjaekstroem.dk\/webshop\/boeger\/fysiske-boeger\/bog-she-did-it-and-so-can-you\/#primaryimage"},"image":{"@id":"https:\/\/anjaekstroem.dk\/webshop\/boeger\/fysiske-boeger\/bog-she-did-it-and-so-can-you\/#primaryimage"},"thumbnailUrl":"https:\/\/anjaekstroem.dk\/wp-content\/uploads\/2024\/10\/1.jpg","datePublished":"2024-10-01T17:24:29+00:00","dateModified":"2026-03-02T22:00:12+00:00","description":"She did it and so can you er en bog jeg har skrevet sammen med 16 andre kvinder, verden over. Vi deler vores helt egne erfaringer i vores iv\u00e6rks\u00e6tteri rejse","breadcrumb":{"@id":"https:\/\/anjaekstroem.dk\/webshop\/boeger\/fysiske-boeger\/bog-she-did-it-and-so-can-you\/#breadcrumb"},"inLanguage":"es","potentialAction":[{"@type":"ReadAction","target":["https:\/\/anjaekstroem.dk\/webshop\/boeger\/fysiske-boeger\/bog-she-did-it-and-so-can-you\/"]}]},{"@type":"ImageObject","inLanguage":"es","@id":"https:\/\/anjaekstroem.dk\/webshop\/boeger\/fysiske-boeger\/bog-she-did-it-and-so-can-you\/#primaryimage","url":"https:\/\/anjaekstroem.dk\/wp-content\/uploads\/2024\/10\/1.jpg","contentUrl":"https:\/\/anjaekstroem.dk\/wp-content\/uploads\/2024\/10\/1.jpg","width":1000,"height":1500,"caption":"Bog af Anja Ekstr\u00f8m og 16 andre kvinder i hele verden - forfatter og entrepreneur Anja Ekstr\u00f8m"},{"@type":"BreadcrumbList","@id":"https:\/\/anjaekstroem.dk\/webshop\/boeger\/fysiske-boeger\/bog-she-did-it-and-so-can-you\/#breadcrumb","itemListElement":[{"@type":"ListItem","position":1,"name":"Hjem","item":"https:\/\/anjaekstroem.dk\/"},{"@type":"ListItem","position":2,"name":"Varer","item":"https:\/\/anjaekstroem.dk\/shop__trashed\/"},{"@type":"ListItem","position":3,"name":"Bog: She did it and so can you"}]},{"@type":"WebSite","@id":"https:\/\/anjaekstroem.dk\/#website","url":"https:\/\/anjaekstroem.dk\/","name":"Anja Ekstr\u00f8m Creative","description":"Fotograf med sj\u00e6l","publisher":{"@id":"https:\/\/anjaekstroem.dk\/#organization"},"potentialAction":[{"@type":"SearchAction","target":{"@type":"EntryPoint","urlTemplate":"https:\/\/anjaekstroem.dk\/?s={search_term_string}"},"query-input":{"@type":"PropertyValueSpecification","valueRequired":true,"valueName":"search_term_string"}}],"inLanguage":"es"},{"@type":"Organization","@id":"https:\/\/anjaekstroem.dk\/#organization","name":"Anja Ekstr\u00f8m Creative","url":"https:\/\/anjaekstroem.dk\/","logo":{"@type":"ImageObject","inLanguage":"es","@id":"https:\/\/anjaekstroem.dk\/#\/schema\/logo\/image\/","url":"https:\/\/anjaekstroem.dk\/wp-content\/uploads\/2021\/10\/AnjaEkstroem-03.png","contentUrl":"https:\/\/anjaekstroem.dk\/wp-content\/uploads\/2021\/10\/AnjaEkstroem-03.png","width":2560,"height":662,"caption":"Anja Ekstr\u00f8m Creative"},"image":{"@id":"https:\/\/anjaekstroem.dk\/#\/schema\/logo\/image\/"}}]}},"_links":{"self":[{"href":"https:\/\/anjaekstroem.dk\/es\/wp-json\/wp\/v2\/product\/10079","targetHints":{"allow":["GET"]}}],"collection":[{"href":"https:\/\/anjaekstroem.dk\/es\/wp-json\/wp\/v2\/product"}],"about":[{"href":"https:\/\/anjaekstroem.dk\/es\/wp-json\/wp\/v2\/types\/product"}],"replies":[{"embeddable":true,"href":"https:\/\/anjaekstroem.dk\/es\/wp-json\/wp\/v2\/comments?post=10079"}],"wp:featuredmedia":[{"embeddable":true,"href":"https:\/\/anjaekstroem.dk\/es\/wp-json\/wp\/v2\/media\/10160"}],"wp:attachment":[{"href":"https:\/\/anjaekstroem.dk\/es\/wp-json\/wp\/v2\/media?parent=10079"}],"wp:term":[{"taxonomy":"product_cat","embeddable":true,"href":"https:\/\/anjaekstroem.dk\/es\/wp-json\/wp\/v2\/product_cat?post=10079"},{"taxonomy":"product_tag","embeddable":true,"href":"https:\/\/anjaekstroem.dk\/es\/wp-json\/wp\/v2\/product_tag?post=10079"}],"curies":[{"name":"wp","href":"https:\/\/api.w.org\/{rel}","templated":true}]}}