{"id":6593,"date":"2024-09-06T09:02:15","date_gmt":"2024-09-06T07:02:15","guid":{"rendered":"https:\/\/anjaunivers.dk.test01.webtohosting.dk\/?page_id=6593"},"modified":"2025-12-01T12:26:14","modified_gmt":"2025-12-01T10:26:14","slug":"videokursus-e-boeger","status":"publish","type":"page","link":"https:\/\/anjaekstroem.dk\/es\/libros-electronicos-del-curso-en-video\/","title":{"rendered":"Curso en v\u00eddeo y libros electr\u00f3nicos"},"content":{"rendered":"<div data-elementor-type=\"wp-page\" data-elementor-id=\"6593\" class=\"elementor elementor-6593\" data-elementor-post-type=\"page\">\n\t\t\t\t\t\t<section class=\"elementor-section elementor-top-section elementor-element elementor-element-a94cab7 elementor-section-boxed elementor-section-height-default elementor-section-height-default\" data-id=\"a94cab7\" data-element_type=\"section\" data-settings=\"{&quot;background_background&quot;:&quot;gradient&quot;}\">\n\t\t\t\t\t\t<div class=\"elementor-container elementor-column-gap-default\">\n\t\t\t\t\t<div class=\"elementor-column elementor-col-100 elementor-top-column elementor-element elementor-element-968be7f\" data-id=\"968be7f\" data-element_type=\"column\">\n\t\t\t<div class=\"elementor-widget-wrap elementor-element-populated\">\n\t\t\t\t\t\t<div class=\"elementor-element elementor-element-aeb0972 elementor-widget elementor-widget-heading\" data-id=\"aeb0972\" data-element_type=\"widget\" data-widget_type=\"heading.default\">\n\t\t\t\t<div class=\"elementor-widget-container\">\n\t\t\t<h1 class=\"elementor-heading-title elementor-size-default\">En l\u00ednea | <b style=\"font-weight:700\">auto estudio<\/b><\/h1>\t\t<\/div>\n\t\t\t\t<\/div>\n\t\t\t\t<section class=\"elementor-section elementor-inner-section elementor-element elementor-element-4d923cc elementor-section-boxed elementor-section-height-default elementor-section-height-default\" data-id=\"4d923cc\" data-element_type=\"section\">\n\t\t\t\t\t\t<div class=\"elementor-container elementor-column-gap-default\">\n\t\t\t\t\t<div class=\"elementor-column elementor-col-50 elementor-inner-column elementor-element elementor-element-d525c84\" data-id=\"d525c84\" data-element_type=\"column\">\n\t\t\t<div class=\"elementor-widget-wrap elementor-element-populated\">\n\t\t\t\t\t\t<div class=\"elementor-element elementor-element-e17ad6f elementor-cta--skin-cover elementor-cta--valign-bottom elementor-bg-transform elementor-bg-transform-move-up elementor-animated-content elementor-widget elementor-widget-call-to-action\" data-id=\"e17ad6f\" data-element_type=\"widget\" data-widget_type=\"call-to-action.default\">\n\t\t\t\t<div class=\"elementor-widget-container\">\n\t\t\t\t\t<a class=\"elementor-cta\" href=\"\/es\/categoria-de-producto\/videokursus\/\">\n\t\t\t\t\t<div class=\"elementor-cta__bg-wrapper\">\n\t\t\t\t<div class=\"elementor-cta__bg elementor-bg\" style=\"background-image: url(https:\/\/anjaekstroem.dk\/wp-content\/uploads\/2024\/09\/20240801-_DSC4173_web.jpg);\" role=\"img\" aria-label=\"Curso de conocimientos Dominar la fotograf\u00eda: dar forma al sol con Anja Ekstr\u00f8m\"><\/div>\n\t\t\t\t<div class=\"elementor-cta__bg-overlay\"><\/div>\n\t\t\t<\/div>\n\t\t\t\t\t\t\t<div class=\"elementor-cta__content\">\n\t\t\t\t\n\t\t\t\t\t\t\t\t\t<h2 class=\"elementor-cta__title elementor-cta__content-item elementor-content-item elementor-animated-item--move-right\">\n\t\t\t\t\t\tCurso en v\u00eddeo\t\t\t\t\t<\/h2>\n\t\t\t\t\n\t\t\t\t\t\t\t\t\t<div class=\"elementor-cta__description elementor-cta__content-item elementor-content-item elementor-animated-item--move-right\">\n\t\t\t\t\t\tAqu\u00ed encontrar\u00e1s cursos online creados en v\u00eddeo, para que puedas ver realmente c\u00f3mo se hacen las cosas y seguirlos y verlos &quot;en vivo&quot;.\n\t\t\t\t\t<\/div>\n\t\t\t\t\n\t\t\t\t\t\t\t<\/div>\n\t\t\t\t\t\t<\/a>\n\t\t\t\t<\/div>\n\t\t\t\t<\/div>\n\t\t\t\t\t<\/div>\n\t\t<\/div>\n\t\t\t\t<div class=\"elementor-column elementor-col-50 elementor-inner-column elementor-element elementor-element-f934bd9\" data-id=\"f934bd9\" data-element_type=\"column\">\n\t\t\t<div class=\"elementor-widget-wrap elementor-element-populated\">\n\t\t\t\t\t\t<div class=\"elementor-element elementor-element-ee3efbe elementor-cta--skin-cover elementor-cta--valign-bottom elementor-bg-transform elementor-bg-transform-move-up elementor-animated-content elementor-widget elementor-widget-call-to-action\" data-id=\"ee3efbe\" data-element_type=\"widget\" data-widget_type=\"call-to-action.default\">\n\t\t\t\t<div class=\"elementor-widget-container\">\n\t\t\t\t\t<a class=\"elementor-cta\" href=\"\/es\/categoria-de-producto\/boeger\/\">\n\t\t\t\t\t<div class=\"elementor-cta__bg-wrapper\">\n\t\t\t\t<div class=\"elementor-cta__bg elementor-bg\" style=\"background-image: url(https:\/\/anjaekstroem.dk\/wp-content\/uploads\/2024\/09\/Mockup1-ipad.png);\" role=\"img\" aria-label=\"Libro electr\u00f3nico de la fot\u00f3grafa de belleza Anja Ekstr\u00f8m\"><\/div>\n\t\t\t\t<div class=\"elementor-cta__bg-overlay\"><\/div>\n\t\t\t<\/div>\n\t\t\t\t\t\t\t<div class=\"elementor-cta__content\">\n\t\t\t\t\n\t\t\t\t\t\t\t\t\t<h2 class=\"elementor-cta__title elementor-cta__content-item elementor-content-item elementor-animated-item--move-right\">\n\t\t\t\t\t\tLibros\t\t\t\t\t<\/h2>\n\t\t\t\t\n\t\t\t\t\t\t\t\t\t<div class=\"elementor-cta__description elementor-cta__content-item elementor-content-item elementor-animated-item--move-right\">\n\t\t\t\t\t\tAqu\u00ed encontrar\u00e1s libros que ense\u00f1an las diversas t\u00e9cnicas, g\u00e9neros y trucos del mundo de la fotograf\u00eda. \u00a1D\u00e9jame ayudarte a hacer F\u00c1CILMENTE tu vida diaria con la c\u00e1mara y obtener excelentes resultados r\u00e1pidamente!\n\t\t\t\t\t<\/div>\n\t\t\t\t\n\t\t\t\t\t\t\t<\/div>\n\t\t\t\t\t\t<\/a>\n\t\t\t\t<\/div>\n\t\t\t\t<\/div>\n\t\t\t\t\t<\/div>\n\t\t<\/div>\n\t\t\t\t\t<\/div>\n\t\t<\/section>\n\t\t\t\t\t<\/div>\n\t\t<\/div>\n\t\t\t\t\t<\/div>\n\t\t<\/section>\n\t\t\t\t<\/div>","protected":false},"excerpt":{"rendered":"<p>En l\u00ednea | autoaprendizaje Curso en video Aqu\u00ed encontrar\u00e1s cursos en l\u00ednea creados en video, para que puedas ver realmente c\u00f3mo se hacen las cosas y seguirlo y verlo &quot;en vivo&quot;. Es porque es m\u00e1s f\u00e1cil de aprender si lo obtienes tanto en sonido como en imagen. al mismo tiempo Libros Aqu\u00ed encontrar\u00e1s libros como [\u2026]<\/p>","protected":false},"author":7,"featured_media":0,"parent":0,"menu_order":0,"comment_status":"closed","ping_status":"closed","template":"","meta":{"_acf_changed":false,"iawp_total_views":261,"footnotes":""},"class_list":["post-6593","page","type-page","status-publish","hentry"],"acf":[],"yoast_head":"<!-- This site is optimized with the Yoast SEO plugin v23.5 - https:\/\/yoast.com\/wordpress\/plugins\/seo\/ -->\n<title>Videokursus &amp; E-b\u00f8ger - Anja Ekstr\u00f8m Creative<\/title>\n<meta name=\"description\" content=\"Videokursus &amp; E-b\u00f8ger for fotografer i alle aldre og p\u00e5 alle niveauer. Alle kan vi l\u00e6re nye teknikker eller m\u00e5der at g\u00f8re tingene p\u00e5.\" \/>\n<meta name=\"robots\" content=\"index, follow, max-snippet:-1, max-image-preview:large, max-video-preview:-1\" \/>\n<link rel=\"canonical\" href=\"https:\/\/anjaekstroem.dk\/es\/libros-electronicos-del-curso-en-video\/\" \/>\n<meta property=\"og:locale\" content=\"es_ES\" \/>\n<meta property=\"og:type\" content=\"article\" \/>\n<meta property=\"og:title\" content=\"Videokursus &amp; E-b\u00f8ger - Anja Ekstr\u00f8m Creative\" \/>\n<meta property=\"og:description\" content=\"Videokursus &amp; E-b\u00f8ger for fotografer i alle aldre og p\u00e5 alle niveauer. Alle kan vi l\u00e6re nye teknikker eller m\u00e5der at g\u00f8re tingene p\u00e5.\" \/>\n<meta property=\"og:url\" content=\"https:\/\/anjaekstroem.dk\/es\/libros-electronicos-del-curso-en-video\/\" \/>\n<meta property=\"og:site_name\" content=\"Anja Ekstr\u00f8m Creative\" \/>\n<meta property=\"article:modified_time\" content=\"2025-12-01T10:26:14+00:00\" \/>\n<meta name=\"twitter:card\" content=\"summary_large_image\" \/>\n<meta name=\"twitter:label1\" content=\"Tiempo de lectura\" \/>\n\t<meta name=\"twitter:data1\" content=\"1 minuto\" \/>\n<script type=\"application\/ld+json\" class=\"yoast-schema-graph\">{\"@context\":\"https:\/\/schema.org\",\"@graph\":[{\"@type\":\"WebPage\",\"@id\":\"https:\/\/anjaekstroem.dk\/videokursus-e-boeger\/\",\"url\":\"https:\/\/anjaekstroem.dk\/videokursus-e-boeger\/\",\"name\":\"Videokursus &amp; E-b\u00f8ger - Anja Ekstr\u00f8m Creative\",\"isPartOf\":{\"@id\":\"https:\/\/anjaekstroem.dk\/#website\"},\"datePublished\":\"2024-09-06T07:02:15+00:00\",\"dateModified\":\"2025-12-01T10:26:14+00:00\",\"description\":\"Videokursus & E-b\u00f8ger for fotografer i alle aldre og p\u00e5 alle niveauer. Alle kan vi l\u00e6re nye teknikker eller m\u00e5der at g\u00f8re tingene p\u00e5.\",\"breadcrumb\":{\"@id\":\"https:\/\/anjaekstroem.dk\/videokursus-e-boeger\/#breadcrumb\"},\"inLanguage\":\"es\",\"potentialAction\":[{\"@type\":\"ReadAction\",\"target\":[\"https:\/\/anjaekstroem.dk\/videokursus-e-boeger\/\"]}]},{\"@type\":\"BreadcrumbList\",\"@id\":\"https:\/\/anjaekstroem.dk\/videokursus-e-boeger\/#breadcrumb\",\"itemListElement\":[{\"@type\":\"ListItem\",\"position\":1,\"name\":\"Hjem\",\"item\":\"https:\/\/anjaekstroem.dk\/\"},{\"@type\":\"ListItem\",\"position\":2,\"name\":\"Videokursus &amp; E-b\u00f8ger\"}]},{\"@type\":\"WebSite\",\"@id\":\"https:\/\/anjaekstroem.dk\/#website\",\"url\":\"https:\/\/anjaekstroem.dk\/\",\"name\":\"Anja Ekstr\u00f8m Creative\",\"description\":\"Fotograf med sj\u00e6l\",\"publisher\":{\"@id\":\"https:\/\/anjaekstroem.dk\/#organization\"},\"potentialAction\":[{\"@type\":\"SearchAction\",\"target\":{\"@type\":\"EntryPoint\",\"urlTemplate\":\"https:\/\/anjaekstroem.dk\/?s={search_term_string}\"},\"query-input\":{\"@type\":\"PropertyValueSpecification\",\"valueRequired\":true,\"valueName\":\"search_term_string\"}}],\"inLanguage\":\"es\"},{\"@type\":\"Organization\",\"@id\":\"https:\/\/anjaekstroem.dk\/#organization\",\"name\":\"Anja Ekstr\u00f8m Creative\",\"url\":\"https:\/\/anjaekstroem.dk\/\",\"logo\":{\"@type\":\"ImageObject\",\"inLanguage\":\"es\",\"@id\":\"https:\/\/anjaekstroem.dk\/#\/schema\/logo\/image\/\",\"url\":\"https:\/\/anjaekstroem.dk\/wp-content\/uploads\/2021\/10\/AnjaEkstroem-03.png\",\"contentUrl\":\"https:\/\/anjaekstroem.dk\/wp-content\/uploads\/2021\/10\/AnjaEkstroem-03.png\",\"width\":2560,\"height\":662,\"caption\":\"Anja Ekstr\u00f8m Creative\"},\"image\":{\"@id\":\"https:\/\/anjaekstroem.dk\/#\/schema\/logo\/image\/\"}}]}<\/script>\n<!-- \/ Yoast SEO plugin. -->","yoast_head_json":{"title":"Videokursus &amp; E-b\u00f8ger - Anja Ekstr\u00f8m Creative","description":"Videokursus & E-b\u00f8ger for fotografer i alle aldre og p\u00e5 alle niveauer. Alle kan vi l\u00e6re nye teknikker eller m\u00e5der at g\u00f8re tingene p\u00e5.","robots":{"index":"index","follow":"follow","max-snippet":"max-snippet:-1","max-image-preview":"max-image-preview:large","max-video-preview":"max-video-preview:-1"},"canonical":"https:\/\/anjaekstroem.dk\/es\/libros-electronicos-del-curso-en-video\/","og_locale":"es_ES","og_type":"article","og_title":"Videokursus &amp; E-b\u00f8ger - Anja Ekstr\u00f8m Creative","og_description":"Videokursus & E-b\u00f8ger for fotografer i alle aldre og p\u00e5 alle niveauer. Alle kan vi l\u00e6re nye teknikker eller m\u00e5der at g\u00f8re tingene p\u00e5.","og_url":"https:\/\/anjaekstroem.dk\/es\/libros-electronicos-del-curso-en-video\/","og_site_name":"Anja Ekstr\u00f8m Creative","article_modified_time":"2025-12-01T10:26:14+00:00","twitter_card":"summary_large_image","twitter_misc":{"Tiempo de lectura":"1 minuto"},"schema":{"@context":"https:\/\/schema.org","@graph":[{"@type":"WebPage","@id":"https:\/\/anjaekstroem.dk\/videokursus-e-boeger\/","url":"https:\/\/anjaekstroem.dk\/videokursus-e-boeger\/","name":"Videokursus &amp; E-b\u00f8ger - Anja Ekstr\u00f8m Creative","isPartOf":{"@id":"https:\/\/anjaekstroem.dk\/#website"},"datePublished":"2024-09-06T07:02:15+00:00","dateModified":"2025-12-01T10:26:14+00:00","description":"Videokursus & E-b\u00f8ger for fotografer i alle aldre og p\u00e5 alle niveauer. Alle kan vi l\u00e6re nye teknikker eller m\u00e5der at g\u00f8re tingene p\u00e5.","breadcrumb":{"@id":"https:\/\/anjaekstroem.dk\/videokursus-e-boeger\/#breadcrumb"},"inLanguage":"es","potentialAction":[{"@type":"ReadAction","target":["https:\/\/anjaekstroem.dk\/videokursus-e-boeger\/"]}]},{"@type":"BreadcrumbList","@id":"https:\/\/anjaekstroem.dk\/videokursus-e-boeger\/#breadcrumb","itemListElement":[{"@type":"ListItem","position":1,"name":"Hjem","item":"https:\/\/anjaekstroem.dk\/"},{"@type":"ListItem","position":2,"name":"Videokursus &amp; E-b\u00f8ger"}]},{"@type":"WebSite","@id":"https:\/\/anjaekstroem.dk\/#website","url":"https:\/\/anjaekstroem.dk\/","name":"Anja Ekstr\u00f8m Creative","description":"Fotograf med sj\u00e6l","publisher":{"@id":"https:\/\/anjaekstroem.dk\/#organization"},"potentialAction":[{"@type":"SearchAction","target":{"@type":"EntryPoint","urlTemplate":"https:\/\/anjaekstroem.dk\/?s={search_term_string}"},"query-input":{"@type":"PropertyValueSpecification","valueRequired":true,"valueName":"search_term_string"}}],"inLanguage":"es"},{"@type":"Organization","@id":"https:\/\/anjaekstroem.dk\/#organization","name":"Anja Ekstr\u00f8m Creative","url":"https:\/\/anjaekstroem.dk\/","logo":{"@type":"ImageObject","inLanguage":"es","@id":"https:\/\/anjaekstroem.dk\/#\/schema\/logo\/image\/","url":"https:\/\/anjaekstroem.dk\/wp-content\/uploads\/2021\/10\/AnjaEkstroem-03.png","contentUrl":"https:\/\/anjaekstroem.dk\/wp-content\/uploads\/2021\/10\/AnjaEkstroem-03.png","width":2560,"height":662,"caption":"Anja Ekstr\u00f8m Creative"},"image":{"@id":"https:\/\/anjaekstroem.dk\/#\/schema\/logo\/image\/"}}]}},"_links":{"self":[{"href":"https:\/\/anjaekstroem.dk\/es\/wp-json\/wp\/v2\/pages\/6593","targetHints":{"allow":["GET"]}}],"collection":[{"href":"https:\/\/anjaekstroem.dk\/es\/wp-json\/wp\/v2\/pages"}],"about":[{"href":"https:\/\/anjaekstroem.dk\/es\/wp-json\/wp\/v2\/types\/page"}],"author":[{"embeddable":true,"href":"https:\/\/anjaekstroem.dk\/es\/wp-json\/wp\/v2\/users\/7"}],"replies":[{"embeddable":true,"href":"https:\/\/anjaekstroem.dk\/es\/wp-json\/wp\/v2\/comments?post=6593"}],"version-history":[{"count":28,"href":"https:\/\/anjaekstroem.dk\/es\/wp-json\/wp\/v2\/pages\/6593\/revisions"}],"predecessor-version":[{"id":12420,"href":"https:\/\/anjaekstroem.dk\/es\/wp-json\/wp\/v2\/pages\/6593\/revisions\/12420"}],"wp:attachment":[{"href":"https:\/\/anjaekstroem.dk\/es\/wp-json\/wp\/v2\/media?parent=6593"}],"curies":[{"name":"wp","href":"https:\/\/api.w.org\/{rel}","templated":true}]}}