{"id":3,"date":"2021-10-08T13:26:14","date_gmt":"2021-10-08T13:26:14","guid":{"rendered":"https:\/\/skabelon.mystagingwebsite.com\/?page_id=3"},"modified":"2026-03-09T10:05:12","modified_gmt":"2026-03-09T08:05:12","slug":"privatlivspolitik","status":"publish","type":"page","link":"https:\/\/anjaekstroem.dk\/es\/politica-de-privacidad\/","title":{"rendered":"Pol\u00edtica de privacidad"},"content":{"rendered":"<div data-elementor-type=\"wp-page\" data-elementor-id=\"3\" class=\"elementor elementor-3\" data-elementor-post-type=\"page\">\n\t\t\t\t\t\t<section class=\"elementor-section elementor-top-section elementor-element elementor-element-0c5699c elementor-section-boxed elementor-section-height-default elementor-section-height-default\" data-id=\"0c5699c\" data-element_type=\"section\" data-settings=\"{&quot;background_background&quot;:&quot;classic&quot;}\">\n\t\t\t\t\t\t<div class=\"elementor-container elementor-column-gap-default\">\n\t\t\t\t\t<div class=\"elementor-column elementor-col-100 elementor-top-column elementor-element elementor-element-547e702\" data-id=\"547e702\" data-element_type=\"column\">\n\t\t\t<div class=\"elementor-widget-wrap elementor-element-populated\">\n\t\t\t\t\t\t<div class=\"elementor-element elementor-element-43d9278 elementor-widget elementor-widget-heading\" data-id=\"43d9278\" data-element_type=\"widget\" data-widget_type=\"heading.default\">\n\t\t\t\t<div class=\"elementor-widget-container\">\n\t\t\t<h1 class=\"elementor-heading-title elementor-size-default\">Pol\u00edtica de privacidad<\/h1>\t\t<\/div>\n\t\t\t\t<\/div>\n\t\t\t\t<section class=\"elementor-section elementor-inner-section elementor-element elementor-element-7987bc4 elementor-section-boxed elementor-section-height-default elementor-section-height-default\" data-id=\"7987bc4\" data-element_type=\"section\">\n\t\t\t\t\t\t<div class=\"elementor-container elementor-column-gap-default\">\n\t\t\t\t\t<div class=\"elementor-column elementor-col-50 elementor-inner-column elementor-element elementor-element-b564686\" data-id=\"b564686\" data-element_type=\"column\" data-settings=\"{&quot;background_background&quot;:&quot;classic&quot;}\">\n\t\t\t<div class=\"elementor-widget-wrap elementor-element-populated\">\n\t\t\t\t\t\t<div class=\"elementor-element elementor-element-2ebbe53 elementor-widget elementor-widget-text-editor\" data-id=\"2ebbe53\" data-element_type=\"widget\" data-widget_type=\"text-editor.default\">\n\t\t\t\t<div class=\"elementor-widget-container\">\n\t\t\t\t\t\t\t<h3>INFORMACI\u00d3N PERSONAL<\/h3>\n<p>La informaci\u00f3n personal es todo tipo de informaci\u00f3n que se le puede atribuir en un grado u otro. Cuando utiliza nuestro sitio web, recopilamos y procesamos cierta informaci\u00f3n que se le puede atribuir a trav\u00e9s de cookies.<\/p>\n<p>Normalmente recopilamos y procesamos los siguientes tipos de informaci\u00f3n: una identificaci\u00f3n \u00fanica e informaci\u00f3n t\u00e9cnica sobre su computadora, tableta o tel\u00e9fono inteligente, su direcci\u00f3n IP, ubicaci\u00f3n geogr\u00e1fica y en qu\u00e9 p\u00e1ginas hace clic (intereses). En la medida en que usted d\u00e9 su consentimiento expl\u00edcito o introduzca la informaci\u00f3n usted mismo, se procesar\u00e1n, por ejemplo, el nombre, el n\u00famero de tel\u00e9fono, el correo electr\u00f3nico, la direcci\u00f3n y, posiblemente, la informaci\u00f3n de pago. Por lo general, esto estar\u00e1 relacionado con la creaci\u00f3n de un perfil de usuario, el uso de formularios o al realizar una compra.<\/p>\n<h4>SEGURIDAD<\/h4>\n<p>Hemos tomado medidas t\u00e9cnicas y organizativas para evitar que su informaci\u00f3n sea accidental o ilegalmente eliminada, publicada, perdida, degradada o llegue a conocimiento de personas no autorizadas, utilizada indebidamente o procesada de otro modo en violaci\u00f3n de la ley.<\/p>\n<h4>OBJETIVO<\/h4>\n<p>La informaci\u00f3n se utiliza para identificarlo como usuario y mostrarle los anuncios que probablemente sean relevantes para usted, para registrar sus compras y pagos y para poder brindarle los servicios que ha solicitado. Adem\u00e1s, utilizamos la informaci\u00f3n para optimizar nuestros servicios y contenido y comercializarle nuestros servicios, incluso cuando abandona nuestro sitio web.<\/p>\n<h4>PERIODO DE ALMACENAMIENTO<\/h4>\n<p>La informaci\u00f3n se conserva durante el tiempo permitido por la ley y la eliminamos cuando ya no es necesaria. El per\u00edodo depende de la naturaleza de la informaci\u00f3n y de los antecedentes del almacenamiento. Por lo tanto, no es posible especificar un plazo general para la eliminaci\u00f3n de la informaci\u00f3n.<\/p>\n<p>En la descripci\u00f3n general de cookies se indica la duraci\u00f3n de cada cookie.<\/p>\n<h4>TRANSFERENCIA DE INFORMACI\u00d3N<\/h4>\n<p>Datos sobre su uso del sitio web, qu\u00e9 anuncios recibe y posiblemente los clics, la ubicaci\u00f3n geogr\u00e1fica, el sexo y el segmento de edad, etc. se transmiten a terceros en la medida en que se conoce esta informaci\u00f3n. Puede ver qu\u00e9 terceros participan en la descripci\u00f3n general de cookies. La informaci\u00f3n se utiliza i.a. para segmentaci\u00f3n publicitaria y estad\u00edsticas.<\/p>\n<p>Tambi\u00e9n utilizamos varios terceros para almacenar y procesar datos. \u00c9stos s\u00f3lo procesan informaci\u00f3n por cuenta nuestra y no pueden utilizarla para sus propios fines.<\/p>\n<p>La difusi\u00f3n de datos personales como nombre, correo electr\u00f3nico, etc. s\u00f3lo se realizar\u00e1 si usted da su consentimiento.<\/p>\n<h4>INSIGHTS Y QUEJAS<\/h4>\n<p>Tiene derecho a ser informado sobre qu\u00e9 datos personales procesamos sobre usted. Tambi\u00e9n puede oponerse al uso de la informaci\u00f3n en cualquier momento. Tambi\u00e9n puede revocar su consentimiento para que se procese informaci\u00f3n sobre usted. Si la informaci\u00f3n procesada sobre usted es incorrecta, tiene derecho a que se corrija o elimine. Pueden realizarse consultas al respecto a: anja@anjaekstroem.dk. Si desea presentar una queja sobre nuestro procesamiento de sus datos personales, tambi\u00e9n tiene la opci\u00f3n de comunicarse con la Autoridad Danesa de Protecci\u00f3n de Datos.<\/p>\t\t\t\t\t\t<\/div>\n\t\t\t\t<\/div>\n\t\t\t\t\t<\/div>\n\t\t<\/div>\n\t\t\t\t<div class=\"elementor-column elementor-col-50 elementor-inner-column elementor-element elementor-element-034acd3\" data-id=\"034acd3\" data-element_type=\"column\" data-settings=\"{&quot;background_background&quot;:&quot;classic&quot;}\">\n\t\t\t<div class=\"elementor-widget-wrap elementor-element-populated\">\n\t\t\t\t\t\t<section class=\"elementor-section elementor-inner-section elementor-element elementor-element-8bddd97 elementor-section-boxed elementor-section-height-default elementor-section-height-default\" data-id=\"8bddd97\" data-element_type=\"section\" data-settings=\"{&quot;background_background&quot;:&quot;classic&quot;,&quot;sticky&quot;:&quot;top&quot;,&quot;sticky_on&quot;:[&quot;desktop&quot;,&quot;tablet&quot;],&quot;sticky_offset&quot;:120,&quot;sticky_parent&quot;:&quot;yes&quot;,&quot;sticky_effects_offset&quot;:0}\">\n\t\t\t\t\t\t<div class=\"elementor-container elementor-column-gap-default\">\n\t\t\t\t\t<div class=\"elementor-column elementor-col-100 elementor-inner-column elementor-element elementor-element-d7b562d\" data-id=\"d7b562d\" data-element_type=\"column\" data-settings=\"{&quot;background_background&quot;:&quot;classic&quot;}\">\n\t\t\t<div class=\"elementor-widget-wrap elementor-element-populated\">\n\t\t\t\t\t\t<div class=\"elementor-element elementor-element-6e73786 elementor-widget elementor-widget-text-editor\" data-id=\"6e73786\" data-element_type=\"widget\" data-widget_type=\"text-editor.default\">\n\t\t\t\t<div class=\"elementor-widget-container\">\n\t\t\t\t\t\t\t<h5><strong>EDITORIAL Y RESPONSABLE DEL TRATAMIENTO<\/strong><\/h5>\n<p>El sitio web anjaekstroem.dk es ofrecido y operado por: Anja Ekstr\u00f8m<\/p>\t\t\t\t\t\t<\/div>\n\t\t\t\t<\/div>\n\t\t\t\t<div class=\"elementor-element elementor-element-277ab73 elementor-icon-list--layout-traditional elementor-list-item-link-full_width elementor-widget elementor-widget-icon-list\" data-id=\"277ab73\" data-element_type=\"widget\" data-widget_type=\"icon-list.default\">\n\t\t\t\t<div class=\"elementor-widget-container\">\n\t\t\t\t\t<ul class=\"elementor-icon-list-items\">\n\t\t\t\t\t\t\t<li class=\"elementor-icon-list-item\">\n\t\t\t\t\t\t\t\t\t\t\t<a href=\"tel:  45 25 15 76 76\">\n\n\t\t\t\t\t\t\t\t\t\t\t\t<span class=\"elementor-icon-list-icon\">\n\t\t\t\t\t\t\t<svg aria-hidden=\"true\" class=\"e-font-icon-svg e-fas-phone\" viewbox=\"0 0 512 512\" xmlns=\"http:\/\/www.w3.org\/2000\/svg\"><path d=\"M493.4 24.6l-104-24c-11.3-2.6-22.9 3.3-27.5 13.9l-48 112c-4.2 9.8-1.4 21.3 6.9 28l60.6 49.6c-36 76.7-98.9 140.5-177.2 177.2l-49.6-60.6c-6.8-8.3-18.2-11.1-28-6.9l-112 48C3.9 366.5-2 378.1.6 389.4l24 104C27.1 504.2 36.7 512 48 512c256.1 0 464-207.5 464-464 0-11.2-7.7-20.9-18.6-23.4z\"><\/path><\/svg>\t\t\t\t\t\t<\/span>\n\t\t\t\t\t\t\t\t\t\t<span class=\"elementor-icon-list-text\">+45 25 15 76 76<\/span>\n\t\t\t\t\t\t\t\t\t\t\t<\/a>\n\t\t\t\t\t\t\t\t\t<\/li>\n\t\t\t\t\t\t\t\t<li class=\"elementor-icon-list-item\">\n\t\t\t\t\t\t\t\t\t\t\t<a href=\"mailto:anja@anjaekstroem.dk\">\n\n\t\t\t\t\t\t\t\t\t\t\t\t<span class=\"elementor-icon-list-icon\">\n\t\t\t\t\t\t\t<svg aria-hidden=\"true\" class=\"e-font-icon-svg e-fas-envelope\" viewbox=\"0 0 512 512\" xmlns=\"http:\/\/www.w3.org\/2000\/svg\"><path d=\"M502.3 190.8c3.9-3.1 9.7-.2 9.7 4.7V400c0 26.5-21.5 48-48 48H48c-26.5 0-48-21.5-48-48V195.6c0-5 5.7-7.8 9.7-4.7 22.4 17.4 52.1 39.5 154.1 113.6 21.1 15.4 56.7 47.8 92.2 47.6 35.7.3 72-32.8 92.3-47.6 102-74.1 131.6-96.3 154-113.7zM256 320c23.2.4 56.6-29.2 73.4-41.4 132.7-96.3 142.8-104.7 173.4-128.7 5.8-4.5 9.2-11.5 9.2-18.9v-19c0-26.5-21.5-48-48-48H48C21.5 64 0 85.5 0 112v19c0 7.4 3.4 14.3 9.2 18.9 30.6 23.9 40.7 32.4 173.4 128.7 16.8 12.2 50.2 41.8 73.4 41.4z\"><\/path><\/svg>\t\t\t\t\t\t<\/span>\n\t\t\t\t\t\t\t\t\t\t<span class=\"elementor-icon-list-text\">anja@anjaekstroem.dk<\/span>\n\t\t\t\t\t\t\t\t\t\t\t<\/a>\n\t\t\t\t\t\t\t\t\t<\/li>\n\t\t\t\t\t\t<\/ul>\n\t\t\t\t<\/div>\n\t\t\t\t<\/div>\n\t\t\t\t<div class=\"elementor-element elementor-element-0734949 elementor-icon-list--layout-traditional elementor-list-item-link-full_width elementor-widget elementor-widget-icon-list\" data-id=\"0734949\" data-element_type=\"widget\" data-widget_type=\"icon-list.default\">\n\t\t\t\t<div class=\"elementor-widget-container\">\n\t\t\t\t\t<ul class=\"elementor-icon-list-items\">\n\t\t\t\t\t\t\t<li class=\"elementor-icon-list-item\">\n\t\t\t\t\t\t\t\t\t\t\t<span class=\"elementor-icon-list-icon\">\n\t\t\t\t\t\t\t<svg aria-hidden=\"true\" class=\"e-font-icon-svg e-far-id-card\" viewbox=\"0 0 576 512\" xmlns=\"http:\/\/www.w3.org\/2000\/svg\"><path d=\"M528 32H48C21.5 32 0 53.5 0 80v352c0 26.5 21.5 48 48 48h480c26.5 0 48-21.5 48-48V80c0-26.5-21.5-48-48-48zm0 400H303.2c.9-4.5.8 3.6.8-22.4 0-31.8-30.1-57.6-67.2-57.6-10.8 0-18.7 8-44.8 8-26.9 0-33.4-8-44.8-8-37.1 0-67.2 25.8-67.2 57.6 0 26-.2 17.9.8 22.4H48V144h480v288zm-168-80h112c4.4 0 8-3.6 8-8v-16c0-4.4-3.6-8-8-8H360c-4.4 0-8 3.6-8 8v16c0 4.4 3.6 8 8 8zm0-64h112c4.4 0 8-3.6 8-8v-16c0-4.4-3.6-8-8-8H360c-4.4 0-8 3.6-8 8v16c0 4.4 3.6 8 8 8zm0-64h112c4.4 0 8-3.6 8-8v-16c0-4.4-3.6-8-8-8H360c-4.4 0-8 3.6-8 8v16c0 4.4 3.6 8 8 8zm-168 96c35.3 0 64-28.7 64-64s-28.7-64-64-64-64 28.7-64 64 28.7 64 64 64z\"><\/path><\/svg>\t\t\t\t\t\t<\/span>\n\t\t\t\t\t\t\t\t\t\t<span class=\"elementor-icon-list-text\">CVR: 34284482<\/span>\n\t\t\t\t\t\t\t\t\t<\/li>\n\t\t\t\t\t\t<\/ul>\n\t\t\t\t<\/div>\n\t\t\t\t<\/div>\n\t\t\t\t<div class=\"elementor-element elementor-element-49d28ed elementor-icon-list--layout-traditional elementor-list-item-link-full_width elementor-widget elementor-widget-icon-list\" data-id=\"49d28ed\" data-element_type=\"widget\" data-widget_type=\"icon-list.default\">\n\t\t\t\t<div class=\"elementor-widget-container\">\n\t\t\t\t\t<ul class=\"elementor-icon-list-items\">\n\t\t\t\t\t\t\t<li class=\"elementor-icon-list-item\">\n\t\t\t\t\t\t\t\t\t\t\t<a href=\"https:\/\/www.google.com\/maps\/place\/Anja+Ekstr%C3%B8m+Photography\/@55.7338057,12.4757819,17z\/data=!3m1!4b1!4m6!3m5!1s0x465253df46446093:0x3e75afcb405a769!8m2!3d55.7338027!4d12.4783568!16s%2Fg%2F11b_2yp4rz?entry=ttu\" target=\"_blank\">\n\n\t\t\t\t\t\t\t\t\t\t\t\t<span class=\"elementor-icon-list-icon\">\n\t\t\t\t\t\t\t<svg aria-hidden=\"true\" class=\"e-font-icon-svg e-fas-map-marker-alt\" viewbox=\"0 0 384 512\" xmlns=\"http:\/\/www.w3.org\/2000\/svg\"><path d=\"M172.268 501.67C26.97 291.031 0 269.413 0 192 0 85.961 85.961 0 192 0s192 85.961 192 192c0 77.413-26.97 99.031-172.268 309.67-9.535 13.774-29.93 13.773-39.464 0zM192 272c44.183 0 80-35.817 80-80s-35.817-80-80-80-80 35.817-80 80 35.817 80 80 80z\"><\/path><\/svg>\t\t\t\t\t\t<\/span>\n\t\t\t\t\t\t\t\t\t\t<span class=\"elementor-icon-list-text\">Marielundvej 30, 2.\u00ba piso, 2730 Herlev<\/span>\n\t\t\t\t\t\t\t\t\t\t\t<\/a>\n\t\t\t\t\t\t\t\t\t<\/li>\n\t\t\t\t\t\t<\/ul>\n\t\t\t\t<\/div>\n\t\t\t\t<\/div>\n\t\t\t\t\t<\/div>\n\t\t<\/div>\n\t\t\t\t\t<\/div>\n\t\t<\/section>\n\t\t\t\t\t<\/div>\n\t\t<\/div>\n\t\t\t\t\t<\/div>\n\t\t<\/section>\n\t\t\t\t\t<\/div>\n\t\t<\/div>\n\t\t\t\t\t<\/div>\n\t\t<\/section>\n\t\t\t\t<\/div>","protected":false},"excerpt":{"rendered":"<p>Pol\u00edtica de Privacidad. INFORMACI\u00d3N PERSONAL. La informaci\u00f3n personal es cualquier informaci\u00f3n que pueda atribu\u00edrsele, en cierta medida. Cuando utiliza nuestro sitio web, recopilamos y procesamos cierta informaci\u00f3n que puede atribu\u00edrsele mediante cookies. Normalmente recopilamos y procesamos los siguientes tipos de informaci\u00f3n: un identificador \u00fanico e informaci\u00f3n t\u00e9cnica sobre su ordenador, tableta o [\u2026]<\/p>","protected":false},"author":7,"featured_media":0,"parent":0,"menu_order":0,"comment_status":"closed","ping_status":"closed","template":"","meta":{"_acf_changed":false,"iawp_total_views":97,"footnotes":""},"class_list":["post-3","page","type-page","status-publish","hentry"],"acf":[],"yoast_head":"<!-- This site is optimized with the Yoast SEO plugin v23.5 - https:\/\/yoast.com\/wordpress\/plugins\/seo\/ -->\n<title>Privatlivspolitik - Anja Ekstr\u00f8m Creative<\/title>\n<meta name=\"robots\" content=\"noindex, nofollow\" \/>\n<meta property=\"og:locale\" content=\"es_ES\" \/>\n<meta property=\"og:type\" content=\"article\" \/>\n<meta property=\"og:title\" content=\"Privatlivspolitik - Anja Ekstr\u00f8m Creative\" \/>\n<meta property=\"og:description\" content=\"Privatlivspolitik PERSONOPLYSNINGER Personoplysninger er alle slags informationer, der i et eller andet omfang kan henf\u00f8res til dig. N\u00e5r du benytter vores website, indsamler og behandler vi visse informationer, som kan henf\u00f8res til dig via cookies. Vi indsamler og behandler typisk f\u00f8lgende typer af oplysninger: Et unikt ID og tekniske oplysninger om din computer, tablet eller [&hellip;]\" \/>\n<meta property=\"og:url\" content=\"https:\/\/anjaekstroem.dk\/es\/politica-de-privacidad\/\" \/>\n<meta property=\"og:site_name\" content=\"Anja Ekstr\u00f8m Creative\" \/>\n<meta property=\"article:modified_time\" content=\"2026-03-09T08:05:12+00:00\" \/>\n<meta name=\"twitter:card\" content=\"summary_large_image\" \/>\n<meta name=\"twitter:label1\" content=\"Tiempo de lectura\" \/>\n\t<meta name=\"twitter:data1\" content=\"3 minutos\" \/>\n<script type=\"application\/ld+json\" class=\"yoast-schema-graph\">{\"@context\":\"https:\/\/schema.org\",\"@graph\":[{\"@type\":\"WebPage\",\"@id\":\"https:\/\/anjaekstroem.dk\/privatlivspolitik\/\",\"url\":\"https:\/\/anjaekstroem.dk\/privatlivspolitik\/\",\"name\":\"Privatlivspolitik - Anja Ekstr\u00f8m Creative\",\"isPartOf\":{\"@id\":\"https:\/\/anjaekstroem.dk\/#website\"},\"datePublished\":\"2021-10-08T13:26:14+00:00\",\"dateModified\":\"2026-03-09T08:05:12+00:00\",\"breadcrumb\":{\"@id\":\"https:\/\/anjaekstroem.dk\/privatlivspolitik\/#breadcrumb\"},\"inLanguage\":\"es\",\"potentialAction\":[{\"@type\":\"ReadAction\",\"target\":[\"https:\/\/anjaekstroem.dk\/privatlivspolitik\/\"]}]},{\"@type\":\"BreadcrumbList\",\"@id\":\"https:\/\/anjaekstroem.dk\/privatlivspolitik\/#breadcrumb\",\"itemListElement\":[{\"@type\":\"ListItem\",\"position\":1,\"name\":\"Hjem\",\"item\":\"https:\/\/anjaekstroem.dk\/\"},{\"@type\":\"ListItem\",\"position\":2,\"name\":\"Privatlivspolitik\"}]},{\"@type\":\"WebSite\",\"@id\":\"https:\/\/anjaekstroem.dk\/#website\",\"url\":\"https:\/\/anjaekstroem.dk\/\",\"name\":\"Anja Ekstr\u00f8m Creative\",\"description\":\"Fotograf med sj\u00e6l\",\"publisher\":{\"@id\":\"https:\/\/anjaekstroem.dk\/#organization\"},\"potentialAction\":[{\"@type\":\"SearchAction\",\"target\":{\"@type\":\"EntryPoint\",\"urlTemplate\":\"https:\/\/anjaekstroem.dk\/?s={search_term_string}\"},\"query-input\":{\"@type\":\"PropertyValueSpecification\",\"valueRequired\":true,\"valueName\":\"search_term_string\"}}],\"inLanguage\":\"es\"},{\"@type\":\"Organization\",\"@id\":\"https:\/\/anjaekstroem.dk\/#organization\",\"name\":\"Anja Ekstr\u00f8m Creative\",\"url\":\"https:\/\/anjaekstroem.dk\/\",\"logo\":{\"@type\":\"ImageObject\",\"inLanguage\":\"es\",\"@id\":\"https:\/\/anjaekstroem.dk\/#\/schema\/logo\/image\/\",\"url\":\"https:\/\/anjaekstroem.dk\/wp-content\/uploads\/2021\/10\/AnjaEkstroem-03.png\",\"contentUrl\":\"https:\/\/anjaekstroem.dk\/wp-content\/uploads\/2021\/10\/AnjaEkstroem-03.png\",\"width\":2560,\"height\":662,\"caption\":\"Anja Ekstr\u00f8m Creative\"},\"image\":{\"@id\":\"https:\/\/anjaekstroem.dk\/#\/schema\/logo\/image\/\"}}]}<\/script>\n<!-- \/ Yoast SEO plugin. -->","yoast_head_json":{"title":"Privatlivspolitik - Anja Ekstr\u00f8m Creative","robots":{"index":"noindex","follow":"nofollow"},"og_locale":"es_ES","og_type":"article","og_title":"Privatlivspolitik - Anja Ekstr\u00f8m Creative","og_description":"Privatlivspolitik PERSONOPLYSNINGER Personoplysninger er alle slags informationer, der i et eller andet omfang kan henf\u00f8res til dig. N\u00e5r du benytter vores website, indsamler og behandler vi visse informationer, som kan henf\u00f8res til dig via cookies. Vi indsamler og behandler typisk f\u00f8lgende typer af oplysninger: Et unikt ID og tekniske oplysninger om din computer, tablet eller [&hellip;]","og_url":"https:\/\/anjaekstroem.dk\/es\/politica-de-privacidad\/","og_site_name":"Anja Ekstr\u00f8m Creative","article_modified_time":"2026-03-09T08:05:12+00:00","twitter_card":"summary_large_image","twitter_misc":{"Tiempo de lectura":"3 minutos"},"schema":{"@context":"https:\/\/schema.org","@graph":[{"@type":"WebPage","@id":"https:\/\/anjaekstroem.dk\/privatlivspolitik\/","url":"https:\/\/anjaekstroem.dk\/privatlivspolitik\/","name":"Privatlivspolitik - Anja Ekstr\u00f8m Creative","isPartOf":{"@id":"https:\/\/anjaekstroem.dk\/#website"},"datePublished":"2021-10-08T13:26:14+00:00","dateModified":"2026-03-09T08:05:12+00:00","breadcrumb":{"@id":"https:\/\/anjaekstroem.dk\/privatlivspolitik\/#breadcrumb"},"inLanguage":"es","potentialAction":[{"@type":"ReadAction","target":["https:\/\/anjaekstroem.dk\/privatlivspolitik\/"]}]},{"@type":"BreadcrumbList","@id":"https:\/\/anjaekstroem.dk\/privatlivspolitik\/#breadcrumb","itemListElement":[{"@type":"ListItem","position":1,"name":"Hjem","item":"https:\/\/anjaekstroem.dk\/"},{"@type":"ListItem","position":2,"name":"Privatlivspolitik"}]},{"@type":"WebSite","@id":"https:\/\/anjaekstroem.dk\/#website","url":"https:\/\/anjaekstroem.dk\/","name":"Anja Ekstr\u00f8m Creative","description":"Fotograf med sj\u00e6l","publisher":{"@id":"https:\/\/anjaekstroem.dk\/#organization"},"potentialAction":[{"@type":"SearchAction","target":{"@type":"EntryPoint","urlTemplate":"https:\/\/anjaekstroem.dk\/?s={search_term_string}"},"query-input":{"@type":"PropertyValueSpecification","valueRequired":true,"valueName":"search_term_string"}}],"inLanguage":"es"},{"@type":"Organization","@id":"https:\/\/anjaekstroem.dk\/#organization","name":"Anja Ekstr\u00f8m Creative","url":"https:\/\/anjaekstroem.dk\/","logo":{"@type":"ImageObject","inLanguage":"es","@id":"https:\/\/anjaekstroem.dk\/#\/schema\/logo\/image\/","url":"https:\/\/anjaekstroem.dk\/wp-content\/uploads\/2021\/10\/AnjaEkstroem-03.png","contentUrl":"https:\/\/anjaekstroem.dk\/wp-content\/uploads\/2021\/10\/AnjaEkstroem-03.png","width":2560,"height":662,"caption":"Anja Ekstr\u00f8m Creative"},"image":{"@id":"https:\/\/anjaekstroem.dk\/#\/schema\/logo\/image\/"}}]}},"_links":{"self":[{"href":"https:\/\/anjaekstroem.dk\/es\/wp-json\/wp\/v2\/pages\/3","targetHints":{"allow":["GET"]}}],"collection":[{"href":"https:\/\/anjaekstroem.dk\/es\/wp-json\/wp\/v2\/pages"}],"about":[{"href":"https:\/\/anjaekstroem.dk\/es\/wp-json\/wp\/v2\/types\/page"}],"author":[{"embeddable":true,"href":"https:\/\/anjaekstroem.dk\/es\/wp-json\/wp\/v2\/users\/7"}],"replies":[{"embeddable":true,"href":"https:\/\/anjaekstroem.dk\/es\/wp-json\/wp\/v2\/comments?post=3"}],"version-history":[{"count":11,"href":"https:\/\/anjaekstroem.dk\/es\/wp-json\/wp\/v2\/pages\/3\/revisions"}],"predecessor-version":[{"id":12747,"href":"https:\/\/anjaekstroem.dk\/es\/wp-json\/wp\/v2\/pages\/3\/revisions\/12747"}],"wp:attachment":[{"href":"https:\/\/anjaekstroem.dk\/es\/wp-json\/wp\/v2\/media?parent=3"}],"curies":[{"name":"wp","href":"https:\/\/api.w.org\/{rel}","templated":true}]}}