{"id":7752,"date":"2024-09-21T04:28:46","date_gmt":"2024-09-21T02:28:46","guid":{"rendered":"https:\/\/anjaunivers.dk.test01.webtohosting.dk\/?post_type=product&#038;p=7752"},"modified":"2026-03-03T00:00:12","modified_gmt":"2026-03-02T22:00:12","slug":"e-bog-mastering-photography-creative-beauty","status":"publish","type":"product","link":"https:\/\/anjaekstroem.dk\/en\/webshop\/books-2\/e-boeger\/e-book-mastering-photography-creative-beauty\/","title":{"rendered":"Ebook: Mastering Photography \u2013 Creative Beauty"},"content":{"rendered":"","protected":false},"excerpt":{"rendered":"<p>This eBook is for you! The photographer with the creative fire that burns inside and who dreams of learning how you can easily create beautiful and creative beauty images, as seen in magazines around the world.<\/p>\n<p>The book takes you through the entire process from thoughts to finished images and it touches on:<\/p>\n<ul>\n<li>What is a mood board?<\/li>\n<li>How to find models and makeup artists<\/li>\n<li>Use of accessories<\/li>\n<li>Easy tricks to create truly magical images<\/li>\n<li>Know your camera<\/li>\n<\/ul>\n<p><strong>\u2026 and much, much more<\/strong><\/p>\n<p>The book is easy to read in &quot;non-technical&quot; language and carries you through easily so that by following these tips\/tricks you can really improve your &quot;game&quot; as a photographer. There are lots of good tips and advice along the way, as well as good tools that you can use in your daily life as a photographer<\/p>\n<p>My hand-on-heart mission with this e-book is to teach you to become proficient at shooting beauty and creative beauty in both studio and natural light<\/p>\n<p><strong>(The book is in English)<\/strong><\/p>","protected":false},"featured_media":8433,"comment_status":"closed","ping_status":"closed","template":"","meta":{"_acf_changed":false,"iawp_total_views":933},"product_cat":[110,129],"product_tag":[],"class_list":{"0":"post-7752","1":"product","2":"type-product","3":"status-publish","4":"has-post-thumbnail","6":"product_cat-boeger","7":"product_cat-e-boeger","9":"first","10":"instock","11":"downloadable","12":"virtual","13":"taxable","14":"purchasable","15":"product-type-simple"},"acf":[],"yoast_head":"<!-- This site is optimized with the Yoast SEO plugin v23.5 - https:\/\/yoast.com\/wordpress\/plugins\/seo\/ -->\n<title>E-bog: Mastering Photography - Creative Beauty - Anja Ekstr\u00f8m Creative<\/title>\n<meta name=\"description\" content=\"E-bog Mastering Photography - Creative Beauty har jeg skrevet til alle fotografer som \u00f8nsker at l\u00e6re hvor LET man kan skabe kreative beauty billeder.\" \/>\n<meta name=\"robots\" content=\"index, follow, max-snippet:-1, max-image-preview:large, max-video-preview:-1\" \/>\n<link rel=\"canonical\" href=\"https:\/\/anjaekstroem.dk\/en\/webshop\/books-2\/e-boeger\/e-book-mastering-photography-creative-beauty\/\" \/>\n<meta property=\"og:locale\" content=\"en_GB\" \/>\n<meta property=\"og:type\" content=\"article\" \/>\n<meta property=\"og:title\" content=\"E-bog: Mastering Photography - Creative Beauty - Anja Ekstr\u00f8m Creative\" \/>\n<meta property=\"og:description\" content=\"E-bog Mastering Photography - Creative Beauty har jeg skrevet til alle fotografer som \u00f8nsker at l\u00e6re hvor LET man kan skabe kreative beauty billeder.\" \/>\n<meta property=\"og:url\" content=\"https:\/\/anjaekstroem.dk\/en\/webshop\/books-2\/e-boeger\/e-book-mastering-photography-creative-beauty\/\" \/>\n<meta property=\"og:site_name\" content=\"Anja Ekstr\u00f8m Creative\" \/>\n<meta property=\"article:modified_time\" content=\"2026-03-02T22:00:12+00:00\" \/>\n<meta property=\"og:image\" content=\"https:\/\/anjaekstroem.dk\/wp-content\/uploads\/2024\/09\/E-Book-Creative-Beauty-WEBFORSIDE-scaled.jpg\" \/>\n\t<meta property=\"og:image:width\" content=\"1810\" \/>\n\t<meta property=\"og:image:height\" content=\"2560\" \/>\n\t<meta property=\"og:image:type\" content=\"image\/jpeg\" \/>\n<meta name=\"twitter:card\" content=\"summary_large_image\" \/>\n<meta name=\"twitter:label1\" content=\"Estimated reading time\" \/>\n\t<meta name=\"twitter:data1\" content=\"1 minute\" \/>\n<script type=\"application\/ld+json\" class=\"yoast-schema-graph\">{\"@context\":\"https:\/\/schema.org\",\"@graph\":[{\"@type\":\"WebPage\",\"@id\":\"https:\/\/anjaekstroem.dk\/webshop\/boeger\/e-boeger\/e-bog-mastering-photography-creative-beauty\/\",\"url\":\"https:\/\/anjaekstroem.dk\/webshop\/boeger\/e-boeger\/e-bog-mastering-photography-creative-beauty\/\",\"name\":\"E-bog: Mastering Photography - Creative Beauty - Anja Ekstr\u00f8m Creative\",\"isPartOf\":{\"@id\":\"https:\/\/anjaekstroem.dk\/#website\"},\"primaryImageOfPage\":{\"@id\":\"https:\/\/anjaekstroem.dk\/webshop\/boeger\/e-boeger\/e-bog-mastering-photography-creative-beauty\/#primaryimage\"},\"image\":{\"@id\":\"https:\/\/anjaekstroem.dk\/webshop\/boeger\/e-boeger\/e-bog-mastering-photography-creative-beauty\/#primaryimage\"},\"thumbnailUrl\":\"https:\/\/anjaekstroem.dk\/wp-content\/uploads\/2024\/09\/E-Book-Creative-Beauty-WEBFORSIDE-scaled.jpg\",\"datePublished\":\"2024-09-21T02:28:46+00:00\",\"dateModified\":\"2026-03-02T22:00:12+00:00\",\"description\":\"E-bog Mastering Photography - Creative Beauty har jeg skrevet til alle fotografer som \u00f8nsker at l\u00e6re hvor LET man kan skabe kreative beauty billeder.\",\"breadcrumb\":{\"@id\":\"https:\/\/anjaekstroem.dk\/webshop\/boeger\/e-boeger\/e-bog-mastering-photography-creative-beauty\/#breadcrumb\"},\"inLanguage\":\"en-GB\",\"potentialAction\":[{\"@type\":\"ReadAction\",\"target\":[\"https:\/\/anjaekstroem.dk\/webshop\/boeger\/e-boeger\/e-bog-mastering-photography-creative-beauty\/\"]}]},{\"@type\":\"ImageObject\",\"inLanguage\":\"en-GB\",\"@id\":\"https:\/\/anjaekstroem.dk\/webshop\/boeger\/e-boeger\/e-bog-mastering-photography-creative-beauty\/#primaryimage\",\"url\":\"https:\/\/anjaekstroem.dk\/wp-content\/uploads\/2024\/09\/E-Book-Creative-Beauty-WEBFORSIDE-scaled.jpg\",\"contentUrl\":\"https:\/\/anjaekstroem.dk\/wp-content\/uploads\/2024\/09\/E-Book-Creative-Beauty-WEBFORSIDE-scaled.jpg\",\"width\":1810,\"height\":2560,\"caption\":\"E-Book Creative Beauty af fotograf og forfatter Anja Ekstr\u00f8m\"},{\"@type\":\"BreadcrumbList\",\"@id\":\"https:\/\/anjaekstroem.dk\/webshop\/boeger\/e-boeger\/e-bog-mastering-photography-creative-beauty\/#breadcrumb\",\"itemListElement\":[{\"@type\":\"ListItem\",\"position\":1,\"name\":\"Hjem\",\"item\":\"https:\/\/anjaekstroem.dk\/\"},{\"@type\":\"ListItem\",\"position\":2,\"name\":\"Varer\",\"item\":\"https:\/\/anjaekstroem.dk\/shop__trashed\/\"},{\"@type\":\"ListItem\",\"position\":3,\"name\":\"E-bog: Mastering Photography &#8211; Creative Beauty\"}]},{\"@type\":\"WebSite\",\"@id\":\"https:\/\/anjaekstroem.dk\/#website\",\"url\":\"https:\/\/anjaekstroem.dk\/\",\"name\":\"Anja Ekstr\u00f8m Creative\",\"description\":\"Fotograf med sj\u00e6l\",\"publisher\":{\"@id\":\"https:\/\/anjaekstroem.dk\/#organization\"},\"potentialAction\":[{\"@type\":\"SearchAction\",\"target\":{\"@type\":\"EntryPoint\",\"urlTemplate\":\"https:\/\/anjaekstroem.dk\/?s={search_term_string}\"},\"query-input\":{\"@type\":\"PropertyValueSpecification\",\"valueRequired\":true,\"valueName\":\"search_term_string\"}}],\"inLanguage\":\"en-GB\"},{\"@type\":\"Organization\",\"@id\":\"https:\/\/anjaekstroem.dk\/#organization\",\"name\":\"Anja Ekstr\u00f8m Creative\",\"url\":\"https:\/\/anjaekstroem.dk\/\",\"logo\":{\"@type\":\"ImageObject\",\"inLanguage\":\"en-GB\",\"@id\":\"https:\/\/anjaekstroem.dk\/#\/schema\/logo\/image\/\",\"url\":\"https:\/\/anjaekstroem.dk\/wp-content\/uploads\/2021\/10\/AnjaEkstroem-03.png\",\"contentUrl\":\"https:\/\/anjaekstroem.dk\/wp-content\/uploads\/2021\/10\/AnjaEkstroem-03.png\",\"width\":2560,\"height\":662,\"caption\":\"Anja Ekstr\u00f8m Creative\"},\"image\":{\"@id\":\"https:\/\/anjaekstroem.dk\/#\/schema\/logo\/image\/\"}}]}<\/script>\n<!-- \/ Yoast SEO plugin. -->","yoast_head_json":{"title":"E-bog: Mastering Photography - Creative Beauty - Anja Ekstr\u00f8m Creative","description":"E-bog Mastering Photography - Creative Beauty har jeg skrevet til alle fotografer som \u00f8nsker at l\u00e6re hvor LET man kan skabe kreative beauty billeder.","robots":{"index":"index","follow":"follow","max-snippet":"max-snippet:-1","max-image-preview":"max-image-preview:large","max-video-preview":"max-video-preview:-1"},"canonical":"https:\/\/anjaekstroem.dk\/en\/webshop\/books-2\/e-boeger\/e-book-mastering-photography-creative-beauty\/","og_locale":"en_GB","og_type":"article","og_title":"E-bog: Mastering Photography - Creative Beauty - Anja Ekstr\u00f8m Creative","og_description":"E-bog Mastering Photography - Creative Beauty har jeg skrevet til alle fotografer som \u00f8nsker at l\u00e6re hvor LET man kan skabe kreative beauty billeder.","og_url":"https:\/\/anjaekstroem.dk\/en\/webshop\/books-2\/e-boeger\/e-book-mastering-photography-creative-beauty\/","og_site_name":"Anja Ekstr\u00f8m Creative","article_modified_time":"2026-03-02T22:00:12+00:00","og_image":[{"width":1810,"height":2560,"url":"https:\/\/anjaekstroem.dk\/wp-content\/uploads\/2024\/09\/E-Book-Creative-Beauty-WEBFORSIDE-scaled.jpg","type":"image\/jpeg"}],"twitter_card":"summary_large_image","twitter_misc":{"Estimated reading time":"1 minute"},"schema":{"@context":"https:\/\/schema.org","@graph":[{"@type":"WebPage","@id":"https:\/\/anjaekstroem.dk\/webshop\/boeger\/e-boeger\/e-bog-mastering-photography-creative-beauty\/","url":"https:\/\/anjaekstroem.dk\/webshop\/boeger\/e-boeger\/e-bog-mastering-photography-creative-beauty\/","name":"E-bog: Mastering Photography - Creative Beauty - Anja Ekstr\u00f8m Creative","isPartOf":{"@id":"https:\/\/anjaekstroem.dk\/#website"},"primaryImageOfPage":{"@id":"https:\/\/anjaekstroem.dk\/webshop\/boeger\/e-boeger\/e-bog-mastering-photography-creative-beauty\/#primaryimage"},"image":{"@id":"https:\/\/anjaekstroem.dk\/webshop\/boeger\/e-boeger\/e-bog-mastering-photography-creative-beauty\/#primaryimage"},"thumbnailUrl":"https:\/\/anjaekstroem.dk\/wp-content\/uploads\/2024\/09\/E-Book-Creative-Beauty-WEBFORSIDE-scaled.jpg","datePublished":"2024-09-21T02:28:46+00:00","dateModified":"2026-03-02T22:00:12+00:00","description":"E-bog Mastering Photography - Creative Beauty har jeg skrevet til alle fotografer som \u00f8nsker at l\u00e6re hvor LET man kan skabe kreative beauty billeder.","breadcrumb":{"@id":"https:\/\/anjaekstroem.dk\/webshop\/boeger\/e-boeger\/e-bog-mastering-photography-creative-beauty\/#breadcrumb"},"inLanguage":"en-GB","potentialAction":[{"@type":"ReadAction","target":["https:\/\/anjaekstroem.dk\/webshop\/boeger\/e-boeger\/e-bog-mastering-photography-creative-beauty\/"]}]},{"@type":"ImageObject","inLanguage":"en-GB","@id":"https:\/\/anjaekstroem.dk\/webshop\/boeger\/e-boeger\/e-bog-mastering-photography-creative-beauty\/#primaryimage","url":"https:\/\/anjaekstroem.dk\/wp-content\/uploads\/2024\/09\/E-Book-Creative-Beauty-WEBFORSIDE-scaled.jpg","contentUrl":"https:\/\/anjaekstroem.dk\/wp-content\/uploads\/2024\/09\/E-Book-Creative-Beauty-WEBFORSIDE-scaled.jpg","width":1810,"height":2560,"caption":"E-Book Creative Beauty af fotograf og forfatter Anja Ekstr\u00f8m"},{"@type":"BreadcrumbList","@id":"https:\/\/anjaekstroem.dk\/webshop\/boeger\/e-boeger\/e-bog-mastering-photography-creative-beauty\/#breadcrumb","itemListElement":[{"@type":"ListItem","position":1,"name":"Hjem","item":"https:\/\/anjaekstroem.dk\/"},{"@type":"ListItem","position":2,"name":"Varer","item":"https:\/\/anjaekstroem.dk\/shop__trashed\/"},{"@type":"ListItem","position":3,"name":"E-bog: Mastering Photography &#8211; Creative Beauty"}]},{"@type":"WebSite","@id":"https:\/\/anjaekstroem.dk\/#website","url":"https:\/\/anjaekstroem.dk\/","name":"Anja Ekstr\u00f8m Creative","description":"Fotograf med sj\u00e6l","publisher":{"@id":"https:\/\/anjaekstroem.dk\/#organization"},"potentialAction":[{"@type":"SearchAction","target":{"@type":"EntryPoint","urlTemplate":"https:\/\/anjaekstroem.dk\/?s={search_term_string}"},"query-input":{"@type":"PropertyValueSpecification","valueRequired":true,"valueName":"search_term_string"}}],"inLanguage":"en-GB"},{"@type":"Organization","@id":"https:\/\/anjaekstroem.dk\/#organization","name":"Anja Ekstr\u00f8m Creative","url":"https:\/\/anjaekstroem.dk\/","logo":{"@type":"ImageObject","inLanguage":"en-GB","@id":"https:\/\/anjaekstroem.dk\/#\/schema\/logo\/image\/","url":"https:\/\/anjaekstroem.dk\/wp-content\/uploads\/2021\/10\/AnjaEkstroem-03.png","contentUrl":"https:\/\/anjaekstroem.dk\/wp-content\/uploads\/2021\/10\/AnjaEkstroem-03.png","width":2560,"height":662,"caption":"Anja Ekstr\u00f8m Creative"},"image":{"@id":"https:\/\/anjaekstroem.dk\/#\/schema\/logo\/image\/"}}]}},"_links":{"self":[{"href":"https:\/\/anjaekstroem.dk\/en\/wp-json\/wp\/v2\/product\/7752","targetHints":{"allow":["GET"]}}],"collection":[{"href":"https:\/\/anjaekstroem.dk\/en\/wp-json\/wp\/v2\/product"}],"about":[{"href":"https:\/\/anjaekstroem.dk\/en\/wp-json\/wp\/v2\/types\/product"}],"replies":[{"embeddable":true,"href":"https:\/\/anjaekstroem.dk\/en\/wp-json\/wp\/v2\/comments?post=7752"}],"wp:featuredmedia":[{"embeddable":true,"href":"https:\/\/anjaekstroem.dk\/en\/wp-json\/wp\/v2\/media\/8433"}],"wp:attachment":[{"href":"https:\/\/anjaekstroem.dk\/en\/wp-json\/wp\/v2\/media?parent=7752"}],"wp:term":[{"taxonomy":"product_cat","embeddable":true,"href":"https:\/\/anjaekstroem.dk\/en\/wp-json\/wp\/v2\/product_cat?post=7752"},{"taxonomy":"product_tag","embeddable":true,"href":"https:\/\/anjaekstroem.dk\/en\/wp-json\/wp\/v2\/product_tag?post=7752"}],"curies":[{"name":"wp","href":"https:\/\/api.w.org\/{rel}","templated":true}]}}