{"id":500,"date":"2024-05-15T20:08:30","date_gmt":"2024-05-15T18:08:30","guid":{"rendered":"https:\/\/anjaunivers.mystagingwebsite.com\/?post_type=product&#038;p=500"},"modified":"2024-10-03T12:18:34","modified_gmt":"2024-10-03T10:18:34","slug":"diva-2","status":"publish","type":"product","link":"https:\/\/anjaekstroem.dk\/en\/webshop\/photoshop\/diva-2\/","title":{"rendered":"Diva 2"},"content":{"rendered":"","protected":false},"excerpt":{"rendered":"<p>I am thrilled with this beautiful photo series, which captures beauty and elegance in a very special way. A beautiful woman whose face is beautifully lit in a play of shadows and light, creating a dramatic effect. Her beautiful features, accentuated by perfect makeup, radiate confidence and mystery.<\/p>\n<p>The model&#039;s glamorous styling adds a luxurious touch that stands out against the deep purple background.<\/p>\n<p>This art print is more than just a picture; it is a tale of strength and beauty. Perfect for adding a touch of elegance to any wall.<\/p>\n<p dir=\"auto\">The works can easily be used individually and hung individually, or put together crosswise as a complete series.<\/p>\n<p data-pm-slice=\"1 1 []\">All works are printed professionally, on the best heavy duty cotton paper of the highest quality. The paper has a nice matte surface, appears with a light glow and has a mild structure. The paper is lightfast and without the use of optical bleach, which ensures a long life.<\/p>\n<p dir=\"auto\">Frame not included. To protect your work during shipping, it will be carefully rolled and packed for safe transport. When you receive your art print, I recommend that you take it to your local framer or glazier to have it professionally framed. If you want to buy a frame yourself, all measurements are standard measurements.<\/p>\n<p dir=\"auto\">All art prints are limited editions and come with numbered certificates with signature for authenticity<\/p>\n<h5><em>If you want an offer for a larger order or special order, contact me directly by phone or email for special offers.<\/em><\/h5>","protected":false},"featured_media":490,"comment_status":"closed","ping_status":"closed","template":"","meta":{"_acf_changed":false,"iawp_total_views":38},"product_cat":[19],"product_tag":[],"class_list":{"0":"post-500","1":"product","2":"type-product","3":"status-publish","4":"has-post-thumbnail","6":"product_cat-fotoshop","8":"first","9":"instock","10":"taxable","11":"shipping-taxable","12":"purchasable","13":"product-type-variable"},"acf":[],"yoast_head":"<!-- This site is optimized with the Yoast SEO plugin v23.5 - https:\/\/yoast.com\/wordpress\/plugins\/seo\/ -->\n<title>Diva 2 - Anja Ekstr\u00f8m Creative<\/title>\n<meta name=\"description\" content=\"Diva 2 kunstprint fanger sk\u00f8nhed, farve og elegance p\u00e5 en helt s\u00e6rlig m\u00e5de. Perfekt til at tilf\u00f8je et strejf af farverig elegance til enhver v\u00e6g.\" \/>\n<meta name=\"robots\" content=\"index, follow, max-snippet:-1, max-image-preview:large, max-video-preview:-1\" \/>\n<link rel=\"canonical\" href=\"https:\/\/anjaekstroem.dk\/en\/webshop\/photoshop\/diva-2\/\" \/>\n<meta property=\"og:locale\" content=\"en_GB\" \/>\n<meta property=\"og:type\" content=\"article\" \/>\n<meta property=\"og:title\" content=\"Diva 2 - Anja Ekstr\u00f8m Creative\" \/>\n<meta property=\"og:description\" content=\"Diva 2 kunstprint fanger sk\u00f8nhed, farve og elegance p\u00e5 en helt s\u00e6rlig m\u00e5de. Perfekt til at tilf\u00f8je et strejf af farverig elegance til enhver v\u00e6g.\" \/>\n<meta property=\"og:url\" content=\"https:\/\/anjaekstroem.dk\/en\/webshop\/photoshop\/diva-2\/\" \/>\n<meta property=\"og:site_name\" content=\"Anja Ekstr\u00f8m Creative\" \/>\n<meta property=\"article:modified_time\" content=\"2024-10-03T10:18:34+00:00\" \/>\n<meta property=\"og:image\" content=\"https:\/\/anjaekstroem.dk\/wp-content\/uploads\/2024\/05\/diva-2-michelle-desideriussen.jpg\" \/>\n\t<meta property=\"og:image:width\" content=\"1333\" \/>\n\t<meta property=\"og:image:height\" content=\"2000\" \/>\n\t<meta property=\"og:image:type\" content=\"image\/jpeg\" \/>\n<meta name=\"twitter:card\" content=\"summary_large_image\" \/>\n<meta name=\"twitter:label1\" content=\"Estimated reading time\" \/>\n\t<meta name=\"twitter:data1\" content=\"1 minute\" \/>\n<script type=\"application\/ld+json\" class=\"yoast-schema-graph\">{\"@context\":\"https:\/\/schema.org\",\"@graph\":[{\"@type\":\"WebPage\",\"@id\":\"https:\/\/anjaekstroem.dk\/webshop\/fotoshop\/diva-2\/\",\"url\":\"https:\/\/anjaekstroem.dk\/webshop\/fotoshop\/diva-2\/\",\"name\":\"Diva 2 - Anja Ekstr\u00f8m Creative\",\"isPartOf\":{\"@id\":\"https:\/\/anjaekstroem.dk\/#website\"},\"primaryImageOfPage\":{\"@id\":\"https:\/\/anjaekstroem.dk\/webshop\/fotoshop\/diva-2\/#primaryimage\"},\"image\":{\"@id\":\"https:\/\/anjaekstroem.dk\/webshop\/fotoshop\/diva-2\/#primaryimage\"},\"thumbnailUrl\":\"https:\/\/anjaekstroem.dk\/wp-content\/uploads\/2024\/05\/diva-2-michelle-desideriussen.jpg\",\"datePublished\":\"2024-05-15T18:08:30+00:00\",\"dateModified\":\"2024-10-03T10:18:34+00:00\",\"description\":\"Diva 2 kunstprint fanger sk\u00f8nhed, farve og elegance p\u00e5 en helt s\u00e6rlig m\u00e5de. Perfekt til at tilf\u00f8je et strejf af farverig elegance til enhver v\u00e6g.\",\"breadcrumb\":{\"@id\":\"https:\/\/anjaekstroem.dk\/webshop\/fotoshop\/diva-2\/#breadcrumb\"},\"inLanguage\":\"en-GB\",\"potentialAction\":[{\"@type\":\"ReadAction\",\"target\":[\"https:\/\/anjaekstroem.dk\/webshop\/fotoshop\/diva-2\/\"]}]},{\"@type\":\"ImageObject\",\"inLanguage\":\"en-GB\",\"@id\":\"https:\/\/anjaekstroem.dk\/webshop\/fotoshop\/diva-2\/#primaryimage\",\"url\":\"https:\/\/anjaekstroem.dk\/wp-content\/uploads\/2024\/05\/diva-2-michelle-desideriussen.jpg\",\"contentUrl\":\"https:\/\/anjaekstroem.dk\/wp-content\/uploads\/2024\/05\/diva-2-michelle-desideriussen.jpg\",\"width\":1333,\"height\":2000,\"caption\":\"Diva 2 af fotograf Anja Ekstr\u00f8m\"},{\"@type\":\"BreadcrumbList\",\"@id\":\"https:\/\/anjaekstroem.dk\/webshop\/fotoshop\/diva-2\/#breadcrumb\",\"itemListElement\":[{\"@type\":\"ListItem\",\"position\":1,\"name\":\"Hjem\",\"item\":\"https:\/\/anjaekstroem.dk\/\"},{\"@type\":\"ListItem\",\"position\":2,\"name\":\"Varer\",\"item\":\"https:\/\/anjaekstroem.dk\/shop__trashed\/\"},{\"@type\":\"ListItem\",\"position\":3,\"name\":\"Diva 2\"}]},{\"@type\":\"WebSite\",\"@id\":\"https:\/\/anjaekstroem.dk\/#website\",\"url\":\"https:\/\/anjaekstroem.dk\/\",\"name\":\"Anja Ekstr\u00f8m Creative\",\"description\":\"Fotograf med sj\u00e6l\",\"publisher\":{\"@id\":\"https:\/\/anjaekstroem.dk\/#organization\"},\"potentialAction\":[{\"@type\":\"SearchAction\",\"target\":{\"@type\":\"EntryPoint\",\"urlTemplate\":\"https:\/\/anjaekstroem.dk\/?s={search_term_string}\"},\"query-input\":{\"@type\":\"PropertyValueSpecification\",\"valueRequired\":true,\"valueName\":\"search_term_string\"}}],\"inLanguage\":\"en-GB\"},{\"@type\":\"Organization\",\"@id\":\"https:\/\/anjaekstroem.dk\/#organization\",\"name\":\"Anja Ekstr\u00f8m Creative\",\"url\":\"https:\/\/anjaekstroem.dk\/\",\"logo\":{\"@type\":\"ImageObject\",\"inLanguage\":\"en-GB\",\"@id\":\"https:\/\/anjaekstroem.dk\/#\/schema\/logo\/image\/\",\"url\":\"https:\/\/anjaekstroem.dk\/wp-content\/uploads\/2021\/10\/AnjaEkstroem-03.png\",\"contentUrl\":\"https:\/\/anjaekstroem.dk\/wp-content\/uploads\/2021\/10\/AnjaEkstroem-03.png\",\"width\":2560,\"height\":662,\"caption\":\"Anja Ekstr\u00f8m Creative\"},\"image\":{\"@id\":\"https:\/\/anjaekstroem.dk\/#\/schema\/logo\/image\/\"}}]}<\/script>\n<!-- \/ Yoast SEO plugin. -->","yoast_head_json":{"title":"Diva 2 - Anja Ekstr\u00f8m Creative","description":"Diva 2 kunstprint fanger sk\u00f8nhed, farve og elegance p\u00e5 en helt s\u00e6rlig m\u00e5de. Perfekt til at tilf\u00f8je et strejf af farverig elegance til enhver v\u00e6g.","robots":{"index":"index","follow":"follow","max-snippet":"max-snippet:-1","max-image-preview":"max-image-preview:large","max-video-preview":"max-video-preview:-1"},"canonical":"https:\/\/anjaekstroem.dk\/en\/webshop\/photoshop\/diva-2\/","og_locale":"en_GB","og_type":"article","og_title":"Diva 2 - Anja Ekstr\u00f8m Creative","og_description":"Diva 2 kunstprint fanger sk\u00f8nhed, farve og elegance p\u00e5 en helt s\u00e6rlig m\u00e5de. Perfekt til at tilf\u00f8je et strejf af farverig elegance til enhver v\u00e6g.","og_url":"https:\/\/anjaekstroem.dk\/en\/webshop\/photoshop\/diva-2\/","og_site_name":"Anja Ekstr\u00f8m Creative","article_modified_time":"2024-10-03T10:18:34+00:00","og_image":[{"width":1333,"height":2000,"url":"https:\/\/anjaekstroem.dk\/wp-content\/uploads\/2024\/05\/diva-2-michelle-desideriussen.jpg","type":"image\/jpeg"}],"twitter_card":"summary_large_image","twitter_misc":{"Estimated reading time":"1 minute"},"schema":{"@context":"https:\/\/schema.org","@graph":[{"@type":"WebPage","@id":"https:\/\/anjaekstroem.dk\/webshop\/fotoshop\/diva-2\/","url":"https:\/\/anjaekstroem.dk\/webshop\/fotoshop\/diva-2\/","name":"Diva 2 - Anja Ekstr\u00f8m Creative","isPartOf":{"@id":"https:\/\/anjaekstroem.dk\/#website"},"primaryImageOfPage":{"@id":"https:\/\/anjaekstroem.dk\/webshop\/fotoshop\/diva-2\/#primaryimage"},"image":{"@id":"https:\/\/anjaekstroem.dk\/webshop\/fotoshop\/diva-2\/#primaryimage"},"thumbnailUrl":"https:\/\/anjaekstroem.dk\/wp-content\/uploads\/2024\/05\/diva-2-michelle-desideriussen.jpg","datePublished":"2024-05-15T18:08:30+00:00","dateModified":"2024-10-03T10:18:34+00:00","description":"Diva 2 kunstprint fanger sk\u00f8nhed, farve og elegance p\u00e5 en helt s\u00e6rlig m\u00e5de. Perfekt til at tilf\u00f8je et strejf af farverig elegance til enhver v\u00e6g.","breadcrumb":{"@id":"https:\/\/anjaekstroem.dk\/webshop\/fotoshop\/diva-2\/#breadcrumb"},"inLanguage":"en-GB","potentialAction":[{"@type":"ReadAction","target":["https:\/\/anjaekstroem.dk\/webshop\/fotoshop\/diva-2\/"]}]},{"@type":"ImageObject","inLanguage":"en-GB","@id":"https:\/\/anjaekstroem.dk\/webshop\/fotoshop\/diva-2\/#primaryimage","url":"https:\/\/anjaekstroem.dk\/wp-content\/uploads\/2024\/05\/diva-2-michelle-desideriussen.jpg","contentUrl":"https:\/\/anjaekstroem.dk\/wp-content\/uploads\/2024\/05\/diva-2-michelle-desideriussen.jpg","width":1333,"height":2000,"caption":"Diva 2 af fotograf Anja Ekstr\u00f8m"},{"@type":"BreadcrumbList","@id":"https:\/\/anjaekstroem.dk\/webshop\/fotoshop\/diva-2\/#breadcrumb","itemListElement":[{"@type":"ListItem","position":1,"name":"Hjem","item":"https:\/\/anjaekstroem.dk\/"},{"@type":"ListItem","position":2,"name":"Varer","item":"https:\/\/anjaekstroem.dk\/shop__trashed\/"},{"@type":"ListItem","position":3,"name":"Diva 2"}]},{"@type":"WebSite","@id":"https:\/\/anjaekstroem.dk\/#website","url":"https:\/\/anjaekstroem.dk\/","name":"Anja Ekstr\u00f8m Creative","description":"Fotograf med sj\u00e6l","publisher":{"@id":"https:\/\/anjaekstroem.dk\/#organization"},"potentialAction":[{"@type":"SearchAction","target":{"@type":"EntryPoint","urlTemplate":"https:\/\/anjaekstroem.dk\/?s={search_term_string}"},"query-input":{"@type":"PropertyValueSpecification","valueRequired":true,"valueName":"search_term_string"}}],"inLanguage":"en-GB"},{"@type":"Organization","@id":"https:\/\/anjaekstroem.dk\/#organization","name":"Anja Ekstr\u00f8m Creative","url":"https:\/\/anjaekstroem.dk\/","logo":{"@type":"ImageObject","inLanguage":"en-GB","@id":"https:\/\/anjaekstroem.dk\/#\/schema\/logo\/image\/","url":"https:\/\/anjaekstroem.dk\/wp-content\/uploads\/2021\/10\/AnjaEkstroem-03.png","contentUrl":"https:\/\/anjaekstroem.dk\/wp-content\/uploads\/2021\/10\/AnjaEkstroem-03.png","width":2560,"height":662,"caption":"Anja Ekstr\u00f8m Creative"},"image":{"@id":"https:\/\/anjaekstroem.dk\/#\/schema\/logo\/image\/"}}]}},"_links":{"self":[{"href":"https:\/\/anjaekstroem.dk\/en\/wp-json\/wp\/v2\/product\/500","targetHints":{"allow":["GET"]}}],"collection":[{"href":"https:\/\/anjaekstroem.dk\/en\/wp-json\/wp\/v2\/product"}],"about":[{"href":"https:\/\/anjaekstroem.dk\/en\/wp-json\/wp\/v2\/types\/product"}],"replies":[{"embeddable":true,"href":"https:\/\/anjaekstroem.dk\/en\/wp-json\/wp\/v2\/comments?post=500"}],"wp:featuredmedia":[{"embeddable":true,"href":"https:\/\/anjaekstroem.dk\/en\/wp-json\/wp\/v2\/media\/490"}],"wp:attachment":[{"href":"https:\/\/anjaekstroem.dk\/en\/wp-json\/wp\/v2\/media?parent=500"}],"wp:term":[{"taxonomy":"product_cat","embeddable":true,"href":"https:\/\/anjaekstroem.dk\/en\/wp-json\/wp\/v2\/product_cat?post=500"},{"taxonomy":"product_tag","embeddable":true,"href":"https:\/\/anjaekstroem.dk\/en\/wp-json\/wp\/v2\/product_tag?post=500"}],"curies":[{"name":"wp","href":"https:\/\/api.w.org\/{rel}","templated":true}]}}