{"id":367,"date":"2024-05-15T10:21:29","date_gmt":"2024-05-15T08:21:29","guid":{"rendered":"https:\/\/anjaunivers.mystagingwebsite.com\/?post_type=product&#038;p=367"},"modified":"2024-10-03T12:06:34","modified_gmt":"2024-10-03T10:06:34","slug":"candyfloss-1","status":"publish","type":"product","link":"https:\/\/anjaekstroem.dk\/en\/webshop\/photoshop\/candyfloss\/","title":{"rendered":"Candyfloss 1"},"content":{"rendered":"","protected":false},"excerpt":{"rendered":"<p>A work that shows how colorful the world CAN be if you look at it with the right &quot;glasses&quot;. This photo series was shot when the world looked darkest: the height of the Corona pandemic. In an everyday life where it was dark and difficult for all of us, I had the opportunity to create a little color and I was confirmed to that extent that I am a photographer by heart and passion. This is the world seen through my camera.<\/p>\n<p>This photo series is my first encounter with the universe you can create with light and it is the start of a whole new creative world where only imagination sets the limits.<\/p>\n<p>The series can easily be split up and hung individually, or put together crosswise in a series.<\/p>\n<p data-pm-slice=\"1 1 []\">All works are printed professionally, on the best heavy duty cotton paper of the highest quality. The paper has a nice matte surface, appears with a light glow and has a mild structure. The paper is lightfast and without the use of optical bleach, which ensures a long life.<\/p>\n<p>Frame not included. To protect your work during shipping, it will be carefully rolled and packed for safe transport. When you receive your art print, I recommend that you take it to your local framer or glazier to have it professionally framed. If you want to buy a frame yourself, all measurements are standard measurements.<\/p>\n<p>All art prints are limited editions and come with numbered certificates and signature for authenticity.<\/p>\n<h5><em>If you want an offer for a larger order or special order, contact me directly by phone or email for special offers.<\/em><\/h5>","protected":false},"featured_media":395,"comment_status":"closed","ping_status":"closed","template":"","meta":{"_acf_changed":false,"iawp_total_views":58},"product_cat":[19],"product_tag":[],"class_list":{"0":"post-367","1":"product","2":"type-product","3":"status-publish","4":"has-post-thumbnail","6":"product_cat-fotoshop","8":"first","9":"instock","10":"taxable","11":"shipping-taxable","12":"purchasable","13":"product-type-variable"},"acf":[],"yoast_head":"<!-- This site is optimized with the Yoast SEO plugin v23.5 - https:\/\/yoast.com\/wordpress\/plugins\/seo\/ -->\n<title>Candyfloss 1 - Anja Ekstr\u00f8m Creative<\/title>\n<meta name=\"description\" content=\"Candyfloss 1 er et v\u00e6rk der viser hvor farverig verden KAN v\u00e6re, hvis man har de rigtige &quot;briller&quot; p\u00e5. En kreativ verden hvor kun fantasien s\u00e6tter gr\u00e6nserne\" \/>\n<meta name=\"robots\" content=\"index, follow, max-snippet:-1, max-image-preview:large, max-video-preview:-1\" \/>\n<link rel=\"canonical\" href=\"https:\/\/anjaekstroem.dk\/en\/webshop\/photoshop\/candyfloss\/\" \/>\n<meta property=\"og:locale\" content=\"en_GB\" \/>\n<meta property=\"og:type\" content=\"article\" \/>\n<meta property=\"og:title\" content=\"Candyfloss 1 - Anja Ekstr\u00f8m Creative\" \/>\n<meta property=\"og:description\" content=\"Candyfloss 1 er et v\u00e6rk der viser hvor farverig verden KAN v\u00e6re, hvis man har de rigtige &quot;briller&quot; p\u00e5. En kreativ verden hvor kun fantasien s\u00e6tter gr\u00e6nserne\" \/>\n<meta property=\"og:url\" content=\"https:\/\/anjaekstroem.dk\/en\/webshop\/photoshop\/candyfloss\/\" \/>\n<meta property=\"og:site_name\" content=\"Anja Ekstr\u00f8m Creative\" \/>\n<meta property=\"article:modified_time\" content=\"2024-10-03T10:06:34+00:00\" \/>\n<meta property=\"og:image\" content=\"https:\/\/anjaekstroem.dk\/wp-content\/uploads\/2024\/05\/candyfloss-1-cecilie-dissing-scaled.jpg\" \/>\n\t<meta property=\"og:image:width\" content=\"1829\" \/>\n\t<meta property=\"og:image:height\" content=\"2560\" \/>\n\t<meta property=\"og:image:type\" content=\"image\/jpeg\" \/>\n<meta name=\"twitter:card\" content=\"summary_large_image\" \/>\n<meta name=\"twitter:label1\" content=\"Estimated reading time\" \/>\n\t<meta name=\"twitter:data1\" content=\"1 minute\" \/>\n<script type=\"application\/ld+json\" class=\"yoast-schema-graph\">{\"@context\":\"https:\/\/schema.org\",\"@graph\":[{\"@type\":\"WebPage\",\"@id\":\"https:\/\/anjaekstroem.dk\/webshop\/fotoshop\/candyfloss-1\/\",\"url\":\"https:\/\/anjaekstroem.dk\/webshop\/fotoshop\/candyfloss-1\/\",\"name\":\"Candyfloss 1 - Anja Ekstr\u00f8m Creative\",\"isPartOf\":{\"@id\":\"https:\/\/anjaekstroem.dk\/#website\"},\"primaryImageOfPage\":{\"@id\":\"https:\/\/anjaekstroem.dk\/webshop\/fotoshop\/candyfloss-1\/#primaryimage\"},\"image\":{\"@id\":\"https:\/\/anjaekstroem.dk\/webshop\/fotoshop\/candyfloss-1\/#primaryimage\"},\"thumbnailUrl\":\"https:\/\/anjaekstroem.dk\/wp-content\/uploads\/2024\/05\/candyfloss-1-cecilie-dissing-scaled.jpg\",\"datePublished\":\"2024-05-15T08:21:29+00:00\",\"dateModified\":\"2024-10-03T10:06:34+00:00\",\"description\":\"Candyfloss 1 er et v\u00e6rk der viser hvor farverig verden KAN v\u00e6re, hvis man har de rigtige \\\"briller\\\" p\u00e5. En kreativ verden hvor kun fantasien s\u00e6tter gr\u00e6nserne\",\"breadcrumb\":{\"@id\":\"https:\/\/anjaekstroem.dk\/webshop\/fotoshop\/candyfloss-1\/#breadcrumb\"},\"inLanguage\":\"en-GB\",\"potentialAction\":[{\"@type\":\"ReadAction\",\"target\":[\"https:\/\/anjaekstroem.dk\/webshop\/fotoshop\/candyfloss-1\/\"]}]},{\"@type\":\"ImageObject\",\"inLanguage\":\"en-GB\",\"@id\":\"https:\/\/anjaekstroem.dk\/webshop\/fotoshop\/candyfloss-1\/#primaryimage\",\"url\":\"https:\/\/anjaekstroem.dk\/wp-content\/uploads\/2024\/05\/candyfloss-1-cecilie-dissing-scaled.jpg\",\"contentUrl\":\"https:\/\/anjaekstroem.dk\/wp-content\/uploads\/2024\/05\/candyfloss-1-cecilie-dissing-scaled.jpg\",\"width\":1829,\"height\":2560,\"caption\":\"Candyfloss 1 af fotograf Anja Ekstr\u00f8m\"},{\"@type\":\"BreadcrumbList\",\"@id\":\"https:\/\/anjaekstroem.dk\/webshop\/fotoshop\/candyfloss-1\/#breadcrumb\",\"itemListElement\":[{\"@type\":\"ListItem\",\"position\":1,\"name\":\"Hjem\",\"item\":\"https:\/\/anjaekstroem.dk\/\"},{\"@type\":\"ListItem\",\"position\":2,\"name\":\"Varer\",\"item\":\"https:\/\/anjaekstroem.dk\/shop__trashed\/\"},{\"@type\":\"ListItem\",\"position\":3,\"name\":\"Candyfloss 1\"}]},{\"@type\":\"WebSite\",\"@id\":\"https:\/\/anjaekstroem.dk\/#website\",\"url\":\"https:\/\/anjaekstroem.dk\/\",\"name\":\"Anja Ekstr\u00f8m Creative\",\"description\":\"Fotograf med sj\u00e6l\",\"publisher\":{\"@id\":\"https:\/\/anjaekstroem.dk\/#organization\"},\"potentialAction\":[{\"@type\":\"SearchAction\",\"target\":{\"@type\":\"EntryPoint\",\"urlTemplate\":\"https:\/\/anjaekstroem.dk\/?s={search_term_string}\"},\"query-input\":{\"@type\":\"PropertyValueSpecification\",\"valueRequired\":true,\"valueName\":\"search_term_string\"}}],\"inLanguage\":\"en-GB\"},{\"@type\":\"Organization\",\"@id\":\"https:\/\/anjaekstroem.dk\/#organization\",\"name\":\"Anja Ekstr\u00f8m Creative\",\"url\":\"https:\/\/anjaekstroem.dk\/\",\"logo\":{\"@type\":\"ImageObject\",\"inLanguage\":\"en-GB\",\"@id\":\"https:\/\/anjaekstroem.dk\/#\/schema\/logo\/image\/\",\"url\":\"https:\/\/anjaekstroem.dk\/wp-content\/uploads\/2021\/10\/AnjaEkstroem-03.png\",\"contentUrl\":\"https:\/\/anjaekstroem.dk\/wp-content\/uploads\/2021\/10\/AnjaEkstroem-03.png\",\"width\":2560,\"height\":662,\"caption\":\"Anja Ekstr\u00f8m Creative\"},\"image\":{\"@id\":\"https:\/\/anjaekstroem.dk\/#\/schema\/logo\/image\/\"}}]}<\/script>\n<!-- \/ Yoast SEO plugin. -->","yoast_head_json":{"title":"Candyfloss 1 - Anja Ekstr\u00f8m Creative","description":"Candyfloss 1 er et v\u00e6rk der viser hvor farverig verden KAN v\u00e6re, hvis man har de rigtige \"briller\" p\u00e5. En kreativ verden hvor kun fantasien s\u00e6tter gr\u00e6nserne","robots":{"index":"index","follow":"follow","max-snippet":"max-snippet:-1","max-image-preview":"max-image-preview:large","max-video-preview":"max-video-preview:-1"},"canonical":"https:\/\/anjaekstroem.dk\/en\/webshop\/photoshop\/candyfloss\/","og_locale":"en_GB","og_type":"article","og_title":"Candyfloss 1 - Anja Ekstr\u00f8m Creative","og_description":"Candyfloss 1 er et v\u00e6rk der viser hvor farverig verden KAN v\u00e6re, hvis man har de rigtige \"briller\" p\u00e5. En kreativ verden hvor kun fantasien s\u00e6tter gr\u00e6nserne","og_url":"https:\/\/anjaekstroem.dk\/en\/webshop\/photoshop\/candyfloss\/","og_site_name":"Anja Ekstr\u00f8m Creative","article_modified_time":"2024-10-03T10:06:34+00:00","og_image":[{"width":1829,"height":2560,"url":"https:\/\/anjaekstroem.dk\/wp-content\/uploads\/2024\/05\/candyfloss-1-cecilie-dissing-scaled.jpg","type":"image\/jpeg"}],"twitter_card":"summary_large_image","twitter_misc":{"Estimated reading time":"1 minute"},"schema":{"@context":"https:\/\/schema.org","@graph":[{"@type":"WebPage","@id":"https:\/\/anjaekstroem.dk\/webshop\/fotoshop\/candyfloss-1\/","url":"https:\/\/anjaekstroem.dk\/webshop\/fotoshop\/candyfloss-1\/","name":"Candyfloss 1 - Anja Ekstr\u00f8m Creative","isPartOf":{"@id":"https:\/\/anjaekstroem.dk\/#website"},"primaryImageOfPage":{"@id":"https:\/\/anjaekstroem.dk\/webshop\/fotoshop\/candyfloss-1\/#primaryimage"},"image":{"@id":"https:\/\/anjaekstroem.dk\/webshop\/fotoshop\/candyfloss-1\/#primaryimage"},"thumbnailUrl":"https:\/\/anjaekstroem.dk\/wp-content\/uploads\/2024\/05\/candyfloss-1-cecilie-dissing-scaled.jpg","datePublished":"2024-05-15T08:21:29+00:00","dateModified":"2024-10-03T10:06:34+00:00","description":"Candyfloss 1 er et v\u00e6rk der viser hvor farverig verden KAN v\u00e6re, hvis man har de rigtige \"briller\" p\u00e5. En kreativ verden hvor kun fantasien s\u00e6tter gr\u00e6nserne","breadcrumb":{"@id":"https:\/\/anjaekstroem.dk\/webshop\/fotoshop\/candyfloss-1\/#breadcrumb"},"inLanguage":"en-GB","potentialAction":[{"@type":"ReadAction","target":["https:\/\/anjaekstroem.dk\/webshop\/fotoshop\/candyfloss-1\/"]}]},{"@type":"ImageObject","inLanguage":"en-GB","@id":"https:\/\/anjaekstroem.dk\/webshop\/fotoshop\/candyfloss-1\/#primaryimage","url":"https:\/\/anjaekstroem.dk\/wp-content\/uploads\/2024\/05\/candyfloss-1-cecilie-dissing-scaled.jpg","contentUrl":"https:\/\/anjaekstroem.dk\/wp-content\/uploads\/2024\/05\/candyfloss-1-cecilie-dissing-scaled.jpg","width":1829,"height":2560,"caption":"Candyfloss 1 af fotograf Anja Ekstr\u00f8m"},{"@type":"BreadcrumbList","@id":"https:\/\/anjaekstroem.dk\/webshop\/fotoshop\/candyfloss-1\/#breadcrumb","itemListElement":[{"@type":"ListItem","position":1,"name":"Hjem","item":"https:\/\/anjaekstroem.dk\/"},{"@type":"ListItem","position":2,"name":"Varer","item":"https:\/\/anjaekstroem.dk\/shop__trashed\/"},{"@type":"ListItem","position":3,"name":"Candyfloss 1"}]},{"@type":"WebSite","@id":"https:\/\/anjaekstroem.dk\/#website","url":"https:\/\/anjaekstroem.dk\/","name":"Anja Ekstr\u00f8m Creative","description":"Fotograf med sj\u00e6l","publisher":{"@id":"https:\/\/anjaekstroem.dk\/#organization"},"potentialAction":[{"@type":"SearchAction","target":{"@type":"EntryPoint","urlTemplate":"https:\/\/anjaekstroem.dk\/?s={search_term_string}"},"query-input":{"@type":"PropertyValueSpecification","valueRequired":true,"valueName":"search_term_string"}}],"inLanguage":"en-GB"},{"@type":"Organization","@id":"https:\/\/anjaekstroem.dk\/#organization","name":"Anja Ekstr\u00f8m Creative","url":"https:\/\/anjaekstroem.dk\/","logo":{"@type":"ImageObject","inLanguage":"en-GB","@id":"https:\/\/anjaekstroem.dk\/#\/schema\/logo\/image\/","url":"https:\/\/anjaekstroem.dk\/wp-content\/uploads\/2021\/10\/AnjaEkstroem-03.png","contentUrl":"https:\/\/anjaekstroem.dk\/wp-content\/uploads\/2021\/10\/AnjaEkstroem-03.png","width":2560,"height":662,"caption":"Anja Ekstr\u00f8m Creative"},"image":{"@id":"https:\/\/anjaekstroem.dk\/#\/schema\/logo\/image\/"}}]}},"_links":{"self":[{"href":"https:\/\/anjaekstroem.dk\/en\/wp-json\/wp\/v2\/product\/367","targetHints":{"allow":["GET"]}}],"collection":[{"href":"https:\/\/anjaekstroem.dk\/en\/wp-json\/wp\/v2\/product"}],"about":[{"href":"https:\/\/anjaekstroem.dk\/en\/wp-json\/wp\/v2\/types\/product"}],"replies":[{"embeddable":true,"href":"https:\/\/anjaekstroem.dk\/en\/wp-json\/wp\/v2\/comments?post=367"}],"wp:featuredmedia":[{"embeddable":true,"href":"https:\/\/anjaekstroem.dk\/en\/wp-json\/wp\/v2\/media\/395"}],"wp:attachment":[{"href":"https:\/\/anjaekstroem.dk\/en\/wp-json\/wp\/v2\/media?parent=367"}],"wp:term":[{"taxonomy":"product_cat","embeddable":true,"href":"https:\/\/anjaekstroem.dk\/en\/wp-json\/wp\/v2\/product_cat?post=367"},{"taxonomy":"product_tag","embeddable":true,"href":"https:\/\/anjaekstroem.dk\/en\/wp-json\/wp\/v2\/product_tag?post=367"}],"curies":[{"name":"wp","href":"https:\/\/api.w.org\/{rel}","templated":true}]}}