{"id":11469,"date":"2025-03-07T09:45:34","date_gmt":"2025-03-07T07:45:34","guid":{"rendered":"https:\/\/anjaekstroem.dk\/?page_id=11469"},"modified":"2025-12-09T09:31:14","modified_gmt":"2025-12-09T07:31:14","slug":"bootcamps","status":"publish","type":"page","link":"https:\/\/anjaekstroem.dk\/en\/academy\/bootcamps\/","title":{"rendered":"Bootcamps"},"content":{"rendered":"<div data-elementor-type=\"wp-page\" data-elementor-id=\"11469\" class=\"elementor elementor-11469\" data-elementor-post-type=\"page\">\n\t\t\t\t\t\t<section class=\"elementor-section elementor-top-section elementor-element elementor-element-349e1b2 elementor-section-boxed elementor-section-height-default elementor-section-height-default\" data-id=\"349e1b2\" data-element_type=\"section\" data-settings=\"{&quot;background_background&quot;:&quot;gradient&quot;}\">\n\t\t\t\t\t\t<div class=\"elementor-container elementor-column-gap-default\">\n\t\t\t\t\t<div class=\"elementor-column elementor-col-100 elementor-top-column elementor-element elementor-element-c82b6ac\" data-id=\"c82b6ac\" data-element_type=\"column\">\n\t\t\t<div class=\"elementor-widget-wrap elementor-element-populated\">\n\t\t\t\t\t\t<div class=\"elementor-element elementor-element-03ac87f elementor-widget elementor-widget-heading\" data-id=\"03ac87f\" data-element_type=\"widget\" data-widget_type=\"heading.default\">\n\t\t\t\t<div class=\"elementor-widget-container\">\n\t\t\t<h1 class=\"elementor-heading-title elementor-size-default\">Academy | <b style=\"font-weight:700\">Bootcamps<\/b><\/h1>\t\t<\/div>\n\t\t\t\t<\/div>\n\t\t\t\t<section class=\"elementor-section elementor-inner-section elementor-element elementor-element-b8dd48e elementor-section-boxed elementor-section-height-default elementor-section-height-default\" data-id=\"b8dd48e\" data-element_type=\"section\">\n\t\t\t\t\t\t<div class=\"elementor-container elementor-column-gap-default\">\n\t\t\t\t\t<div class=\"elementor-column elementor-col-50 elementor-inner-column elementor-element elementor-element-8c4d506\" data-id=\"8c4d506\" data-element_type=\"column\">\n\t\t\t<div class=\"elementor-widget-wrap elementor-element-populated\">\n\t\t\t\t\t\t<div class=\"elementor-element elementor-element-461e92e elementor-cta--skin-cover elementor-cta--valign-bottom elementor-bg-transform elementor-bg-transform-move-up elementor-animated-content elementor-widget elementor-widget-call-to-action\" data-id=\"461e92e\" data-element_type=\"widget\" data-widget_type=\"call-to-action.default\">\n\t\t\t\t<div class=\"elementor-widget-container\">\n\t\t\t\t\t<a class=\"elementor-cta\" href=\"https:\/\/anjaekstroem.dk\/en\/academy\/photographer-bootcamps\/\">\n\t\t\t\t\t<div class=\"elementor-cta__bg-wrapper\">\n\t\t\t\t<div class=\"elementor-cta__bg elementor-bg\" style=\"background-image: url(https:\/\/anjaekstroem.dk\/wp-content\/uploads\/2024\/09\/Individual-Pages-_-PUMP-Magazine-_-The-Quarterly-Preview-Issue-_-Editors-Choice-_-February-2023-_-Vol.114-scaled.jpg);\" role=\"img\" aria-label=\"Interview in Pump Magazine with photographer Anja Ekstr\u00f8m\"><\/div>\n\t\t\t\t<div class=\"elementor-cta__bg-overlay\"><\/div>\n\t\t\t<\/div>\n\t\t\t\t\t\t\t<div class=\"elementor-cta__content\">\n\t\t\t\t\n\t\t\t\t\t\t\t\t\t<h2 class=\"elementor-cta__title elementor-cta__content-item elementor-content-item elementor-animated-item--move-right\">\n\t\t\t\t\t\tPhotographer Bootcamp\t\t\t\t\t<\/h2>\n\t\t\t\t\n\t\t\t\t\t\t\t\t\t<div class=\"elementor-cta__description elementor-cta__content-item elementor-content-item elementor-animated-item--move-right\">\n\t\t\t\t\t\tThe full experience - a whole week in fantastic Malaga dedicated to photography, filled with teaching, beautiful locations and photoshoots with professional models. <br>See more here\t\t\t\t\t<\/div>\n\t\t\t\t\n\t\t\t\t\t\t\t<\/div>\n\t\t\t\t\t\t<\/a>\n\t\t\t\t<\/div>\n\t\t\t\t<\/div>\n\t\t\t\t\t<\/div>\n\t\t<\/div>\n\t\t\t\t<div class=\"elementor-column elementor-col-50 elementor-inner-column elementor-element elementor-element-28e00bc\" data-id=\"28e00bc\" data-element_type=\"column\">\n\t\t\t<div class=\"elementor-widget-wrap elementor-element-populated\">\n\t\t\t\t\t\t<div class=\"elementor-element elementor-element-62c2061 elementor-cta--skin-cover elementor-cta--valign-bottom elementor-bg-transform elementor-bg-transform-move-up elementor-animated-content elementor-widget elementor-widget-call-to-action\" data-id=\"62c2061\" data-element_type=\"widget\" data-widget_type=\"call-to-action.default\">\n\t\t\t\t<div class=\"elementor-widget-container\">\n\t\t\t\t\t<a class=\"elementor-cta\" href=\"https:\/\/anjaekstroem.dk\/en\/academy\/bootcamp-chapters\/\">\n\t\t\t\t\t<div class=\"elementor-cta__bg-wrapper\">\n\t\t\t\t<div class=\"elementor-cta__bg elementor-bg\" style=\"background-image: url(https:\/\/anjaekstroem.dk\/wp-content\/uploads\/2014\/05\/20240828-_DSC7881_web.jpg);\" role=\"img\" aria-label=\"NALAH Cosmetics beauty campaign by beauty photographer Anja Ekstr\u00f8m\"><\/div>\n\t\t\t\t<div class=\"elementor-cta__bg-overlay\"><\/div>\n\t\t\t<\/div>\n\t\t\t\t\t\t\t<div class=\"elementor-cta__content\">\n\t\t\t\t\n\t\t\t\t\t\t\t\t\t<h2 class=\"elementor-cta__title elementor-cta__content-item elementor-content-item elementor-animated-item--move-right\">\n\t\t\t\t\t\tBootcamp Chapters\t\t\t\t\t<\/h2>\n\t\t\t\t\n\t\t\t\t\t\t\t\t\t<div class=\"elementor-cta__description elementor-cta__content-item elementor-content-item elementor-animated-item--move-right\">\n\t\t\t\t\t\tA workshop over an extended weekend, in fantastic Spain - select the Bootcamp Chapter you want to participate in. <br>See more here\t\t\t\t\t<\/div>\n\t\t\t\t\n\t\t\t\t\t\t\t<\/div>\n\t\t\t\t\t\t<\/a>\n\t\t\t\t<\/div>\n\t\t\t\t<\/div>\n\t\t\t\t\t<\/div>\n\t\t<\/div>\n\t\t\t\t\t<\/div>\n\t\t<\/section>\n\t\t\t\t\t<\/div>\n\t\t<\/div>\n\t\t\t\t\t<\/div>\n\t\t<\/section>\n\t\t\t\t<\/div>","protected":false},"excerpt":{"rendered":"<p>Academy | Bootcamps Photographer Bootcamp The full experience \u2013 a whole week in fantastic Malaga dedicated to photography, filled with teaching, beautiful locations and photoshoots with professional models. See more here Bootcamp Chapters A workshop over an extended weekend in fantastic Spain \u2013 choose the Bootcamp Chapter you want to participate in. See [\u2026]<\/p>","protected":false},"author":7,"featured_media":1425,"parent":5727,"menu_order":0,"comment_status":"closed","ping_status":"closed","template":"","meta":{"_acf_changed":false,"iawp_total_views":584,"footnotes":""},"class_list":["post-11469","page","type-page","status-publish","has-post-thumbnail","hentry"],"acf":[],"yoast_head":"<!-- This site is optimized with the Yoast SEO plugin v23.5 - https:\/\/yoast.com\/wordpress\/plugins\/seo\/ -->\n<title>Bootcamps - Anja Ekstr\u00f8m Creative<\/title>\n<meta name=\"description\" content=\"Bootcamps. Til fotografen der ops\u00f8ger eventyr ogs\u00e5 udenfor landets gr\u00e6nser. Kurset afholdes i Spaniel, p\u00e5 Malagas kyst og smukke locations\" \/>\n<meta name=\"robots\" content=\"index, follow, max-snippet:-1, max-image-preview:large, max-video-preview:-1\" \/>\n<link rel=\"canonical\" href=\"https:\/\/anjaekstroem.dk\/en\/academy\/bootcamps\/\" \/>\n<meta property=\"og:locale\" content=\"en_GB\" \/>\n<meta property=\"og:type\" content=\"article\" \/>\n<meta property=\"og:title\" content=\"Bootcamps - Anja Ekstr\u00f8m Creative\" \/>\n<meta property=\"og:description\" content=\"Bootcamps. Til fotografen der ops\u00f8ger eventyr ogs\u00e5 udenfor landets gr\u00e6nser. Kurset afholdes i Spaniel, p\u00e5 Malagas kyst og smukke locations\" \/>\n<meta property=\"og:url\" content=\"https:\/\/anjaekstroem.dk\/en\/academy\/bootcamps\/\" \/>\n<meta property=\"og:site_name\" content=\"Anja Ekstr\u00f8m Creative\" \/>\n<meta property=\"article:modified_time\" content=\"2025-12-09T07:31:14+00:00\" \/>\n<meta property=\"og:image\" content=\"https:\/\/anjaekstroem.dk\/wp-content\/uploads\/2024\/08\/20220414-20220414-DSC06246.jpg\" \/>\n\t<meta property=\"og:image:width\" content=\"2048\" \/>\n\t<meta property=\"og:image:height\" content=\"1365\" \/>\n\t<meta property=\"og:image:type\" content=\"image\/jpeg\" \/>\n<meta name=\"twitter:card\" content=\"summary_large_image\" \/>\n<meta name=\"twitter:label1\" content=\"Estimated reading time\" \/>\n\t<meta name=\"twitter:data1\" content=\"1 minute\" \/>\n<script type=\"application\/ld+json\" class=\"yoast-schema-graph\">{\"@context\":\"https:\/\/schema.org\",\"@graph\":[{\"@type\":\"WebPage\",\"@id\":\"https:\/\/anjaekstroem.dk\/academy\/bootcamps\/\",\"url\":\"https:\/\/anjaekstroem.dk\/academy\/bootcamps\/\",\"name\":\"Bootcamps - Anja Ekstr\u00f8m Creative\",\"isPartOf\":{\"@id\":\"https:\/\/anjaekstroem.dk\/#website\"},\"primaryImageOfPage\":{\"@id\":\"https:\/\/anjaekstroem.dk\/academy\/bootcamps\/#primaryimage\"},\"image\":{\"@id\":\"https:\/\/anjaekstroem.dk\/academy\/bootcamps\/#primaryimage\"},\"thumbnailUrl\":\"https:\/\/anjaekstroem.dk\/wp-content\/uploads\/2024\/08\/20220414-20220414-DSC06246.jpg\",\"datePublished\":\"2025-03-07T07:45:34+00:00\",\"dateModified\":\"2025-12-09T07:31:14+00:00\",\"description\":\"Bootcamps. Til fotografen der ops\u00f8ger eventyr ogs\u00e5 udenfor landets gr\u00e6nser. Kurset afholdes i Spaniel, p\u00e5 Malagas kyst og smukke locations\",\"breadcrumb\":{\"@id\":\"https:\/\/anjaekstroem.dk\/academy\/bootcamps\/#breadcrumb\"},\"inLanguage\":\"en-GB\",\"potentialAction\":[{\"@type\":\"ReadAction\",\"target\":[\"https:\/\/anjaekstroem.dk\/academy\/bootcamps\/\"]}]},{\"@type\":\"ImageObject\",\"inLanguage\":\"en-GB\",\"@id\":\"https:\/\/anjaekstroem.dk\/academy\/bootcamps\/#primaryimage\",\"url\":\"https:\/\/anjaekstroem.dk\/wp-content\/uploads\/2024\/08\/20220414-20220414-DSC06246.jpg\",\"contentUrl\":\"https:\/\/anjaekstroem.dk\/wp-content\/uploads\/2024\/08\/20220414-20220414-DSC06246.jpg\",\"width\":2048,\"height\":1365},{\"@type\":\"BreadcrumbList\",\"@id\":\"https:\/\/anjaekstroem.dk\/academy\/bootcamps\/#breadcrumb\",\"itemListElement\":[{\"@type\":\"ListItem\",\"position\":1,\"name\":\"Hjem\",\"item\":\"https:\/\/anjaekstroem.dk\/\"},{\"@type\":\"ListItem\",\"position\":2,\"name\":\"Academy\",\"item\":\"https:\/\/anjaekstroem.dk\/academy\/\"},{\"@type\":\"ListItem\",\"position\":3,\"name\":\"Bootcamps\"}]},{\"@type\":\"WebSite\",\"@id\":\"https:\/\/anjaekstroem.dk\/#website\",\"url\":\"https:\/\/anjaekstroem.dk\/\",\"name\":\"Anja Ekstr\u00f8m Creative\",\"description\":\"Fotograf med sj\u00e6l\",\"publisher\":{\"@id\":\"https:\/\/anjaekstroem.dk\/#organization\"},\"potentialAction\":[{\"@type\":\"SearchAction\",\"target\":{\"@type\":\"EntryPoint\",\"urlTemplate\":\"https:\/\/anjaekstroem.dk\/?s={search_term_string}\"},\"query-input\":{\"@type\":\"PropertyValueSpecification\",\"valueRequired\":true,\"valueName\":\"search_term_string\"}}],\"inLanguage\":\"en-GB\"},{\"@type\":\"Organization\",\"@id\":\"https:\/\/anjaekstroem.dk\/#organization\",\"name\":\"Anja Ekstr\u00f8m Creative\",\"url\":\"https:\/\/anjaekstroem.dk\/\",\"logo\":{\"@type\":\"ImageObject\",\"inLanguage\":\"en-GB\",\"@id\":\"https:\/\/anjaekstroem.dk\/#\/schema\/logo\/image\/\",\"url\":\"https:\/\/anjaekstroem.dk\/wp-content\/uploads\/2021\/10\/AnjaEkstroem-03.png\",\"contentUrl\":\"https:\/\/anjaekstroem.dk\/wp-content\/uploads\/2021\/10\/AnjaEkstroem-03.png\",\"width\":2560,\"height\":662,\"caption\":\"Anja Ekstr\u00f8m Creative\"},\"image\":{\"@id\":\"https:\/\/anjaekstroem.dk\/#\/schema\/logo\/image\/\"}}]}<\/script>\n<!-- \/ Yoast SEO plugin. -->","yoast_head_json":{"title":"Bootcamps - Anja Ekstr\u00f8m Creative","description":"Bootcamps. Til fotografen der ops\u00f8ger eventyr ogs\u00e5 udenfor landets gr\u00e6nser. Kurset afholdes i Spaniel, p\u00e5 Malagas kyst og smukke locations","robots":{"index":"index","follow":"follow","max-snippet":"max-snippet:-1","max-image-preview":"max-image-preview:large","max-video-preview":"max-video-preview:-1"},"canonical":"https:\/\/anjaekstroem.dk\/en\/academy\/bootcamps\/","og_locale":"en_GB","og_type":"article","og_title":"Bootcamps - Anja Ekstr\u00f8m Creative","og_description":"Bootcamps. Til fotografen der ops\u00f8ger eventyr ogs\u00e5 udenfor landets gr\u00e6nser. Kurset afholdes i Spaniel, p\u00e5 Malagas kyst og smukke locations","og_url":"https:\/\/anjaekstroem.dk\/en\/academy\/bootcamps\/","og_site_name":"Anja Ekstr\u00f8m Creative","article_modified_time":"2025-12-09T07:31:14+00:00","og_image":[{"width":2048,"height":1365,"url":"https:\/\/anjaekstroem.dk\/wp-content\/uploads\/2024\/08\/20220414-20220414-DSC06246.jpg","type":"image\/jpeg"}],"twitter_card":"summary_large_image","twitter_misc":{"Estimated reading time":"1 minute"},"schema":{"@context":"https:\/\/schema.org","@graph":[{"@type":"WebPage","@id":"https:\/\/anjaekstroem.dk\/academy\/bootcamps\/","url":"https:\/\/anjaekstroem.dk\/academy\/bootcamps\/","name":"Bootcamps - Anja Ekstr\u00f8m Creative","isPartOf":{"@id":"https:\/\/anjaekstroem.dk\/#website"},"primaryImageOfPage":{"@id":"https:\/\/anjaekstroem.dk\/academy\/bootcamps\/#primaryimage"},"image":{"@id":"https:\/\/anjaekstroem.dk\/academy\/bootcamps\/#primaryimage"},"thumbnailUrl":"https:\/\/anjaekstroem.dk\/wp-content\/uploads\/2024\/08\/20220414-20220414-DSC06246.jpg","datePublished":"2025-03-07T07:45:34+00:00","dateModified":"2025-12-09T07:31:14+00:00","description":"Bootcamps. Til fotografen der ops\u00f8ger eventyr ogs\u00e5 udenfor landets gr\u00e6nser. Kurset afholdes i Spaniel, p\u00e5 Malagas kyst og smukke locations","breadcrumb":{"@id":"https:\/\/anjaekstroem.dk\/academy\/bootcamps\/#breadcrumb"},"inLanguage":"en-GB","potentialAction":[{"@type":"ReadAction","target":["https:\/\/anjaekstroem.dk\/academy\/bootcamps\/"]}]},{"@type":"ImageObject","inLanguage":"en-GB","@id":"https:\/\/anjaekstroem.dk\/academy\/bootcamps\/#primaryimage","url":"https:\/\/anjaekstroem.dk\/wp-content\/uploads\/2024\/08\/20220414-20220414-DSC06246.jpg","contentUrl":"https:\/\/anjaekstroem.dk\/wp-content\/uploads\/2024\/08\/20220414-20220414-DSC06246.jpg","width":2048,"height":1365},{"@type":"BreadcrumbList","@id":"https:\/\/anjaekstroem.dk\/academy\/bootcamps\/#breadcrumb","itemListElement":[{"@type":"ListItem","position":1,"name":"Hjem","item":"https:\/\/anjaekstroem.dk\/"},{"@type":"ListItem","position":2,"name":"Academy","item":"https:\/\/anjaekstroem.dk\/academy\/"},{"@type":"ListItem","position":3,"name":"Bootcamps"}]},{"@type":"WebSite","@id":"https:\/\/anjaekstroem.dk\/#website","url":"https:\/\/anjaekstroem.dk\/","name":"Anja Ekstr\u00f8m Creative","description":"Fotograf med sj\u00e6l","publisher":{"@id":"https:\/\/anjaekstroem.dk\/#organization"},"potentialAction":[{"@type":"SearchAction","target":{"@type":"EntryPoint","urlTemplate":"https:\/\/anjaekstroem.dk\/?s={search_term_string}"},"query-input":{"@type":"PropertyValueSpecification","valueRequired":true,"valueName":"search_term_string"}}],"inLanguage":"en-GB"},{"@type":"Organization","@id":"https:\/\/anjaekstroem.dk\/#organization","name":"Anja Ekstr\u00f8m Creative","url":"https:\/\/anjaekstroem.dk\/","logo":{"@type":"ImageObject","inLanguage":"en-GB","@id":"https:\/\/anjaekstroem.dk\/#\/schema\/logo\/image\/","url":"https:\/\/anjaekstroem.dk\/wp-content\/uploads\/2021\/10\/AnjaEkstroem-03.png","contentUrl":"https:\/\/anjaekstroem.dk\/wp-content\/uploads\/2021\/10\/AnjaEkstroem-03.png","width":2560,"height":662,"caption":"Anja Ekstr\u00f8m Creative"},"image":{"@id":"https:\/\/anjaekstroem.dk\/#\/schema\/logo\/image\/"}}]}},"_links":{"self":[{"href":"https:\/\/anjaekstroem.dk\/en\/wp-json\/wp\/v2\/pages\/11469","targetHints":{"allow":["GET"]}}],"collection":[{"href":"https:\/\/anjaekstroem.dk\/en\/wp-json\/wp\/v2\/pages"}],"about":[{"href":"https:\/\/anjaekstroem.dk\/en\/wp-json\/wp\/v2\/types\/page"}],"author":[{"embeddable":true,"href":"https:\/\/anjaekstroem.dk\/en\/wp-json\/wp\/v2\/users\/7"}],"replies":[{"embeddable":true,"href":"https:\/\/anjaekstroem.dk\/en\/wp-json\/wp\/v2\/comments?post=11469"}],"version-history":[{"count":50,"href":"https:\/\/anjaekstroem.dk\/en\/wp-json\/wp\/v2\/pages\/11469\/revisions"}],"predecessor-version":[{"id":12516,"href":"https:\/\/anjaekstroem.dk\/en\/wp-json\/wp\/v2\/pages\/11469\/revisions\/12516"}],"up":[{"embeddable":true,"href":"https:\/\/anjaekstroem.dk\/en\/wp-json\/wp\/v2\/pages\/5727"}],"wp:featuredmedia":[{"embeddable":true,"href":"https:\/\/anjaekstroem.dk\/en\/wp-json\/wp\/v2\/media\/1425"}],"wp:attachment":[{"href":"https:\/\/anjaekstroem.dk\/en\/wp-json\/wp\/v2\/media?parent=11469"}],"curies":[{"name":"wp","href":"https:\/\/api.w.org\/{rel}","templated":true}]}}